{"id":376,"date":"2024-11-08T10:13:30","date_gmt":"2024-11-08T10:13:30","guid":{"rendered":"https:\/\/drone-discovery.tn\/?page_id=376"},"modified":"2026-04-14T11:13:04","modified_gmt":"2026-04-14T11:13:04","slug":"conception-3d","status":"publish","type":"page","link":"https:\/\/drone-discovery.tn\/?page_id=376","title":{"rendered":"Conception 3D"},"content":{"rendered":"\n\n\n\n\n<h2 class=\"wp-block-heading has-text-align-center\"><strong>\u00c9quipements et Logiciels Utilis\u00e9s<\/strong><\/h2>\n\n\n\n<div class=\"wp-block-columns alignfull is-layout-flex wp-container-core-columns-is-layout-9d6595d7 wp-block-columns-is-layout-flex\">\n<div class=\"wp-block-column is-layout-flow wp-block-column-is-layout-flow\" style=\"flex-basis:50%\">\n<div class=\"wp-block-cover is-light\" style=\"min-height:600px;aspect-ratio:unset;\"><span aria-hidden=\"true\" class=\"wp-block-cover__background has-background-dim-100 has-background-dim\" style=\"background-color:#f6f6f6\"><\/span><div class=\"wp-block-cover__inner-container is-layout-flow wp-block-cover-is-layout-flow\"><div class=\"wp-block-image\">\n<figure class=\"aligncenter size-full is-resized\"><img loading=\"lazy\" decoding=\"async\" width=\"858\" height=\"483\" src=\"https:\/\/drone-discovery.tn\/wp-content\/uploads\/2026\/04\/3d-mapping-technology-858x483-1-1.avif\" alt=\"\" class=\"wp-image-445\" style=\"aspect-ratio:1.7764459094995504;width:685px;height:auto\"\/><\/figure>\n<\/div><\/div><\/div>\n<\/div>\n\n\n\n<div class=\"wp-block-column is-vertically-aligned-center is-layout-flow wp-block-column-is-layout-flow\" style=\"padding-top:1em;padding-right:1em;padding-bottom:1em;padding-left:1em\">\n<div class=\"wp-block-columns is-layout-flex wp-container-core-columns-is-layout-9d6595d7 wp-block-columns-is-layout-flex\">\n<div class=\"wp-block-column is-layout-flow wp-block-column-is-layout-flow\" style=\"flex-basis:320px\">\n<p>Nous utilisons des logiciels de conception 3D de pointe pour garantir une pr\u00e9cision optimale et des r\u00e9sultats visuels de haute qualit\u00e9 :<\/p>\n\n\n\n<ul class=\"wp-block-list\">\n<li><strong>Autodesk Revit<\/strong> : Logiciel BIM permettant une mod\u00e9lisation d\u00e9taill\u00e9e et une gestion des donn\u00e9es pour les projets d\u2019infrastructure et de g\u00e9nie civil.<\/li>\n\n\n\n<li><strong>SketchUp<\/strong> : Outil de mod\u00e9lisation 3D rapide et flexible, id\u00e9al pour des maquettes pr\u00e9cises et des \u00e9tudes de conception.<\/li>\n\n\n\n<li><strong>AutoCAD Civil 3D<\/strong> : Logiciel d\u00e9di\u00e9 aux projets de g\u00e9nie civil, offrant des fonctionnalit\u00e9s avanc\u00e9es pour les conceptions de routes, de terrains, et d\u2019infrastructures.<\/li>\n\n\n\n<li><strong>Drone to CAD<\/strong> : Int\u00e9gration directe des donn\u00e9es de relev\u00e9s par drone dans les logiciels CAD pour une mod\u00e9lisation fid\u00e8le \u00e0 la r\u00e9alit\u00e9.<\/li>\n<\/ul>\n<\/div>\n<\/div>\n<\/div>\n<\/div>\n\n\n\n<h2 class=\"wp-block-heading has-text-align-center\"><strong>R\u00e9sultats et Livrables<\/strong><\/h2>\n\n\n\n<div class=\"wp-block-columns alignfull is-layout-flex wp-container-core-columns-is-layout-9d6595d7 wp-block-columns-is-layout-flex\">\n<div class=\"wp-block-column is-layout-flow wp-block-column-is-layout-flow\" style=\"flex-basis:50%\">\n<div class=\"wp-block-cover\" style=\"min-height:600px;aspect-ratio:unset;\"><span aria-hidden=\"true\" class=\"wp-block-cover__background has-background-dim-100 has-background-dim\" style=\"background-color:#f6f6f6\"><\/span><div class=\"wp-block-cover__inner-container is-layout-flow wp-block-cover-is-layout-flow\"><div class=\"wp-block-image\">\n<figure class=\"aligncenter size-full is-resized\"><img loading=\"lazy\" decoding=\"async\" width=\"1454\" height=\"664\" src=\"https:\/\/drone-discovery.tn\/wp-content\/uploads\/2026\/04\/3D-NUAGE-DE-POINT-ELEVATION-2.jpg\" alt=\"\" class=\"wp-image-443\" style=\"aspect-ratio:1.3333333333333333;object-fit:cover;width:661px;height:auto\" srcset=\"https:\/\/drone-discovery.tn\/wp-content\/uploads\/2026\/04\/3D-NUAGE-DE-POINT-ELEVATION-2.jpg 1454w, https:\/\/drone-discovery.tn\/wp-content\/uploads\/2026\/04\/3D-NUAGE-DE-POINT-ELEVATION-2-300x137.jpg 300w, https:\/\/drone-discovery.tn\/wp-content\/uploads\/2026\/04\/3D-NUAGE-DE-POINT-ELEVATION-2-1024x468.jpg 1024w, https:\/\/drone-discovery.tn\/wp-content\/uploads\/2026\/04\/3D-NUAGE-DE-POINT-ELEVATION-2-768x351.jpg 768w\" sizes=\"(max-width: 1454px) 100vw, 1454px\" \/><\/figure>\n<\/div><\/div><\/div>\n<\/div>\n\n\n\n<div class=\"wp-block-column is-vertically-aligned-center is-layout-flow wp-block-column-is-layout-flow\" style=\"padding-top:1em;padding-right:1em;padding-bottom:1em;padding-left:1em\">\n<div class=\"wp-block-columns is-layout-flex wp-container-core-columns-is-layout-9d6595d7 wp-block-columns-is-layout-flex\">\n<div class=\"wp-block-column is-layout-flow wp-block-column-is-layout-flow\" style=\"flex-basis:320px\">\n<p>Nous offrons divers types de livrables adapt\u00e9s aux projets de conception 3D :<\/p>\n\n\n\n<ul class=\"wp-block-list\">\n<li><strong>Mod\u00e8les 3D Int\u00e9gr\u00e9s<\/strong> : Mod\u00e8les d\u00e9taill\u00e9s incluant toutes les dimensions et caract\u00e9ristiques du projet, adapt\u00e9s pour une utilisation en ing\u00e9nierie et architecture.<\/li>\n\n\n\n<li><strong>Plans CAD et Dossiers Techniques<\/strong> : Fournissant des plans d\u00e9taill\u00e9s pour l\u2019ex\u00e9cution des travaux, incluant les caract\u00e9ristiques techniques n\u00e9cessaires pour chaque \u00e9tape du projet.<\/li>\n\n\n\n<li><strong>Visualisations et Rendus Photor\u00e9alistes<\/strong> : Pour une communication efficace et une pr\u00e9visualisation r\u00e9aliste du projet avant sa r\u00e9alisation.<\/li>\n\n\n\n<li><strong>Donn\u00e9es Int\u00e9gr\u00e9es pour BIM<\/strong> : Mod\u00e8les conformes aux normes BIM, assurant une coordination parfaite entre les \u00e9quipes de conception, d&#8217;ing\u00e9nierie, et de construction.<\/li>\n<\/ul>\n<\/div>\n<\/div>\n<\/div>\n<\/div>\n","protected":false},"excerpt":{"rendered":"<p>\u00c9quipements et Logiciels Utilis\u00e9s Nous utilisons des logiciels de conception 3D de pointe pour garantir une pr\u00e9cision optimale et des r\u00e9sultats visuels de haute qualit\u00e9 : R\u00e9sultats et Livrables Nous offrons divers types de livrables adapt\u00e9s aux projets de conception 3D :<\/p>\n","protected":false},"author":1,"featured_media":0,"parent":0,"menu_order":0,"comment_status":"closed","ping_status":"closed","template":"","meta":{"saved_in_kubio":true,"footnotes":""},"class_list":["post-376","page","type-page","status-publish","hentry"],"kubio_ai_page_context":{"short_desc":"","purpose":"general"},"_links":{"self":[{"href":"https:\/\/drone-discovery.tn\/index.php?rest_route=\/wp\/v2\/pages\/376","targetHints":{"allow":["GET"]}}],"collection":[{"href":"https:\/\/drone-discovery.tn\/index.php?rest_route=\/wp\/v2\/pages"}],"about":[{"href":"https:\/\/drone-discovery.tn\/index.php?rest_route=\/wp\/v2\/types\/page"}],"author":[{"embeddable":true,"href":"https:\/\/drone-discovery.tn\/index.php?rest_route=\/wp\/v2\/users\/1"}],"replies":[{"embeddable":true,"href":"https:\/\/drone-discovery.tn\/index.php?rest_route=%2Fwp%2Fv2%2Fcomments&post=376"}],"version-history":[{"count":5,"href":"https:\/\/drone-discovery.tn\/index.php?rest_route=\/wp\/v2\/pages\/376\/revisions"}],"predecessor-version":[{"id":446,"href":"https:\/\/drone-discovery.tn\/index.php?rest_route=\/wp\/v2\/pages\/376\/revisions\/446"}],"wp:attachment":[{"href":"https:\/\/drone-discovery.tn\/index.php?rest_route=%2Fwp%2Fv2%2Fmedia&parent=376"}],"curies":[{"name":"wp","href":"https:\/\/api.w.org\/{rel}","templated":true}]}}