{"id":359,"date":"2024-11-08T09:21:08","date_gmt":"2024-11-08T09:21:08","guid":{"rendered":"https:\/\/drone-discovery.tn\/?page_id=359"},"modified":"2026-04-14T11:46:25","modified_gmt":"2026-04-14T11:46:25","slug":"photogrammetrie-par-drone","status":"publish","type":"page","link":"https:\/\/drone-discovery.tn\/?page_id=359","title":{"rendered":"Photogramm\u00e9trie par drone"},"content":{"rendered":"\n\n\n\n\n<h2 class=\"wp-block-heading has-text-align-center\"><strong>\u00c9quipements Utilis\u00e9s<\/strong><\/h2>\n\n\n\n<div class=\"wp-block-columns alignfull is-layout-flex wp-container-core-columns-is-layout-9d6595d7 wp-block-columns-is-layout-flex\">\n<div class=\"wp-block-column is-layout-flow wp-block-column-is-layout-flow\" style=\"flex-basis:50%\">\n<div class=\"wp-block-cover is-light\" style=\"min-height:600px;aspect-ratio:unset;\"><img decoding=\"async\" class=\"wp-block-cover__image-background\" src=\"blob:https:\/\/drone-discovery.tn\/405cd6de-743c-43c3-9799-0a3b051e5dc8\" data-object-fit=\"cover\"\/><span aria-hidden=\"true\" class=\"wp-block-cover__background has-background-dim\" style=\"background-color:#f6f6f6\"><\/span><div class=\"wp-block-cover__inner-container is-layout-flow wp-block-cover-is-layout-flow\"><div class=\"wp-block-image\">\n<figure class=\"aligncenter size-full is-resized\"><img loading=\"lazy\" decoding=\"async\" width=\"810\" height=\"1080\" src=\"https:\/\/drone-discovery.tn\/wp-content\/uploads\/2026\/04\/WhatsApp-Image-2025-09-29-a-22.57.44_1749e6a4-1.jpg\" alt=\"\" class=\"wp-image-484\" style=\"object-fit:cover;width:509px;height:auto\" srcset=\"https:\/\/drone-discovery.tn\/wp-content\/uploads\/2026\/04\/WhatsApp-Image-2025-09-29-a-22.57.44_1749e6a4-1.jpg 810w, https:\/\/drone-discovery.tn\/wp-content\/uploads\/2026\/04\/WhatsApp-Image-2025-09-29-a-22.57.44_1749e6a4-1-225x300.jpg 225w, https:\/\/drone-discovery.tn\/wp-content\/uploads\/2026\/04\/WhatsApp-Image-2025-09-29-a-22.57.44_1749e6a4-1-768x1024.jpg 768w\" sizes=\"(max-width: 810px) 100vw, 810px\" \/><\/figure>\n<\/div><\/div><\/div>\n<\/div>\n\n\n\n<div class=\"wp-block-column is-vertically-aligned-center is-layout-flow wp-block-column-is-layout-flow\" style=\"padding-top:1em;padding-right:1em;padding-bottom:1em;padding-left:1em\">\n<div class=\"wp-block-columns is-layout-flex wp-container-core-columns-is-layout-9d6595d7 wp-block-columns-is-layout-flex\">\n<div class=\"wp-block-column is-layout-flow wp-block-column-is-layout-flow\" style=\"flex-basis:320px\">\n<p>Pour garantir des r\u00e9sultats optimaux en photogramm\u00e9trie, nous d\u00e9ployons des \u00e9quipements de pointe, notamment :<\/p>\n\n\n\n<ul class=\"wp-block-list\">\n<li><strong>Capteur LiDAR : <\/strong>Id\u00e9al pour capturer des donn\u00e9es 3D \u00e0 travers la v\u00e9g\u00e9tation et dans des zones difficiles d\u2019acc\u00e8s, garantissant des mod\u00e8les topographiques pr\u00e9cis.<\/li>\n\n\n\n<li><strong>Drone Mavic Pro Entreprise et Mavic 3 Multispectral (M3M) : <\/strong>Con\u00e7us pour des relev\u00e9s pr\u00e9cis, ces drones sont \u00e9quip\u00e9s de capteurs performants pour des orthophotos de haute r\u00e9solution et une cartographie d\u00e9taill\u00e9e.<\/li>\n\n\n\n<li><strong>Phantom 4 RTK :<\/strong> Pour des relev\u00e9s topographiques en milieux urbains et sur des chantiers, offrant une pr\u00e9cision RTK pour des projets n\u00e9cessitant une grande exactitude.<\/li>\n<\/ul>\n<\/div>\n<\/div>\n<\/div>\n<\/div>\n\n\n\n<h2 class=\"wp-block-heading has-text-align-center\"><strong>R\u00e9sultats et Livrables<\/strong><\/h2>\n\n\n\n<div class=\"wp-block-columns alignfull is-layout-flex wp-container-core-columns-is-layout-9d6595d7 wp-block-columns-is-layout-flex\">\n<div class=\"wp-block-column is-layout-flow wp-block-column-is-layout-flow\" style=\"flex-basis:50%\">\n<div class=\"wp-block-cover\" style=\"min-height:600px;aspect-ratio:unset;\"><span aria-hidden=\"true\" class=\"wp-block-cover__background has-background-dim-100 has-background-dim\" style=\"background-color:#f6f6f6\"><\/span><div class=\"wp-block-cover__inner-container is-layout-flow wp-block-cover-is-layout-flow\"><div class=\"wp-block-image\">\n<figure class=\"aligncenter size-full is-resized\"><img loading=\"lazy\" decoding=\"async\" width=\"729\" height=\"634\" src=\"https:\/\/drone-discovery.tn\/wp-content\/uploads\/2026\/04\/WhatsApp-Image-2025-03-20-a-12.43.37_8ff44c0b.jpg\" alt=\"\" class=\"wp-image-481\" style=\"aspect-ratio:1.3333333333333333;object-fit:contain;width:699px;height:auto\" srcset=\"https:\/\/drone-discovery.tn\/wp-content\/uploads\/2026\/04\/WhatsApp-Image-2025-03-20-a-12.43.37_8ff44c0b.jpg 729w, https:\/\/drone-discovery.tn\/wp-content\/uploads\/2026\/04\/WhatsApp-Image-2025-03-20-a-12.43.37_8ff44c0b-300x261.jpg 300w\" sizes=\"(max-width: 729px) 100vw, 729px\" \/><\/figure>\n<\/div><\/div><\/div>\n<\/div>\n\n\n\n<div class=\"wp-block-column is-vertically-aligned-center is-layout-flow wp-block-column-is-layout-flow\" style=\"padding-top:1em;padding-right:1em;padding-bottom:1em;padding-left:1em\">\n<div class=\"wp-block-columns is-layout-flex wp-container-core-columns-is-layout-9d6595d7 wp-block-columns-is-layout-flex\">\n<div class=\"wp-block-column is-layout-flow wp-block-column-is-layout-flow\" style=\"flex-basis:320px\">\n<p>Nous fournissons des livrables adapt\u00e9s aux besoins vari\u00e9s de la photogramm\u00e9trie et de la mod\u00e9lisation g\u00e9ospatiale :<\/p>\n\n\n\n<ul class=\"wp-block-list\">\n<li><strong>Orthophotos de haute r\u00e9solution<\/strong> : Des images a\u00e9riennes rectifi\u00e9es offrant une pr\u00e9cision topographique pour les \u00e9tudes de territoire et l\u2019urbanisme.<\/li>\n\n\n\n<li><strong>Mod\u00e8les Num\u00e9riques de Terrain (MNT) et de Surface (MNS)<\/strong> : Repr\u00e9sentations fid\u00e8les de la topographie et des structures en surface, utilis\u00e9es pour les projets d\u2019ing\u00e9nierie et de planification.<\/li>\n\n\n\n<li><strong>Nuages de points 3D<\/strong> : Donn\u00e9es brutes en trois dimensions, exploitables pour l\u2019analyse g\u00e9ospatiale et la visualisation en r\u00e9alit\u00e9 virtuelle.<\/li>\n\n\n\n<li><strong>Mod\u00e8les 3D d\u00e9taill\u00e9s<\/strong> : Repr\u00e9sentations tridimensionnelles id\u00e9ales pour la simulation de projets et l\u2019\u00e9tude d\u2019am\u00e9nagements.<\/li>\n\n\n\n<li><strong>Rapports d\u2019analyse g\u00e9ospatiale<\/strong> : Incluant des visualisations et des recommandations bas\u00e9es sur les relev\u00e9s, pour aider \u00e0 la prise de d\u00e9cision et \u00e0 la planification.<\/li>\n<\/ul>\n<\/div>\n<\/div>\n<\/div>\n<\/div>\n\n\n\n<p><\/p>\n","protected":false},"excerpt":{"rendered":"<p>\u00c9quipements Utilis\u00e9s Pour garantir des r\u00e9sultats optimaux en photogramm\u00e9trie, nous d\u00e9ployons des \u00e9quipements de pointe, notamment : R\u00e9sultats et Livrables Nous fournissons des livrables adapt\u00e9s aux besoins vari\u00e9s de la photogramm\u00e9trie et de la mod\u00e9lisation g\u00e9ospatiale :<\/p>\n","protected":false},"author":1,"featured_media":0,"parent":0,"menu_order":0,"comment_status":"closed","ping_status":"closed","template":"","meta":{"saved_in_kubio":true,"footnotes":""},"class_list":["post-359","page","type-page","status-publish","hentry"],"kubio_ai_page_context":{"short_desc":"","purpose":"general"},"_links":{"self":[{"href":"https:\/\/drone-discovery.tn\/index.php?rest_route=\/wp\/v2\/pages\/359","targetHints":{"allow":["GET"]}}],"collection":[{"href":"https:\/\/drone-discovery.tn\/index.php?rest_route=\/wp\/v2\/pages"}],"about":[{"href":"https:\/\/drone-discovery.tn\/index.php?rest_route=\/wp\/v2\/types\/page"}],"author":[{"embeddable":true,"href":"https:\/\/drone-discovery.tn\/index.php?rest_route=\/wp\/v2\/users\/1"}],"replies":[{"embeddable":true,"href":"https:\/\/drone-discovery.tn\/index.php?rest_route=%2Fwp%2Fv2%2Fcomments&post=359"}],"version-history":[{"count":3,"href":"https:\/\/drone-discovery.tn\/index.php?rest_route=\/wp\/v2\/pages\/359\/revisions"}],"predecessor-version":[{"id":485,"href":"https:\/\/drone-discovery.tn\/index.php?rest_route=\/wp\/v2\/pages\/359\/revisions\/485"}],"wp:attachment":[{"href":"https:\/\/drone-discovery.tn\/index.php?rest_route=%2Fwp%2Fv2%2Fmedia&parent=359"}],"curies":[{"name":"wp","href":"https:\/\/api.w.org\/{rel}","templated":true}]}}