{"id":358,"date":"2024-11-08T09:20:39","date_gmt":"2024-11-08T09:20:39","guid":{"rendered":"https:\/\/drone-discovery.tn\/?page_id=358"},"modified":"2026-04-14T11:48:38","modified_gmt":"2026-04-14T11:48:38","slug":"sig","status":"publish","type":"page","link":"https:\/\/drone-discovery.tn\/?page_id=358","title":{"rendered":"SIG"},"content":{"rendered":"\n\n\n\n\n<h2 class=\"wp-block-heading has-text-align-center\"><strong>\u00c9quipements et Logiciels Utilis\u00e9s<\/strong><\/h2>\n\n\n\n<div class=\"wp-block-columns alignfull is-layout-flex wp-container-core-columns-is-layout-9d6595d7 wp-block-columns-is-layout-flex\">\n<div class=\"wp-block-column is-layout-flow wp-block-column-is-layout-flow\" style=\"flex-basis:50%\">\n<div class=\"wp-block-cover is-light\" style=\"min-height:600px;aspect-ratio:unset;\"><span aria-hidden=\"true\" class=\"wp-block-cover__background has-background-dim-100 has-background-dim\" style=\"background-color:#f6f6f6\"><\/span><div class=\"wp-block-cover__inner-container is-layout-flow wp-block-cover-is-layout-flow\"><div class=\"wp-block-image\">\n<figure class=\"aligncenter size-full is-resized\"><img loading=\"lazy\" decoding=\"async\" width=\"1172\" height=\"780\" src=\"https:\/\/drone-discovery.tn\/wp-content\/uploads\/2024\/11\/image-12.png\" alt=\"\" class=\"wp-image-372\" style=\"aspect-ratio:1.5000618429189858;object-fit:contain;width:645px;height:auto\" srcset=\"https:\/\/drone-discovery.tn\/wp-content\/uploads\/2024\/11\/image-12.png 1172w, https:\/\/drone-discovery.tn\/wp-content\/uploads\/2024\/11\/image-12-300x200.png 300w, https:\/\/drone-discovery.tn\/wp-content\/uploads\/2024\/11\/image-12-1024x682.png 1024w, https:\/\/drone-discovery.tn\/wp-content\/uploads\/2024\/11\/image-12-768x511.png 768w\" sizes=\"(max-width: 1172px) 100vw, 1172px\" \/><\/figure>\n<\/div><\/div><\/div>\n<\/div>\n\n\n\n<div class=\"wp-block-column is-vertically-aligned-center is-layout-flow wp-block-column-is-layout-flow\" style=\"padding-top:1em;padding-right:1em;padding-bottom:1em;padding-left:1em\">\n<div class=\"wp-block-columns is-layout-flex wp-container-core-columns-is-layout-9d6595d7 wp-block-columns-is-layout-flex\">\n<div class=\"wp-block-column is-layout-flow wp-block-column-is-layout-flow\" style=\"flex-basis:320px\">\n<p>Pour offrir des services de SIG complets et efficaces, nous utilisons les logiciels et \u00e9quipements suivants :<\/p>\n\n\n\n<ul class=\"wp-block-list\">\n<li><strong>Logiciels SIG Avanc\u00e9s<\/strong> : Nous travaillons avec des outils professionnels tels que <strong>QGIS<\/strong>, les solutions <strong>ESRI<\/strong> (comme ArcGIS), et <strong>Global Mapper<\/strong>, pour assurer une gestion compl\u00e8te des donn\u00e9es g\u00e9ospatiales et une production cartographique de qualit\u00e9.<\/li>\n\n\n\n<li><strong>Applications de Collecte de Donn\u00e9es Personnalis\u00e9es<\/strong> : Nos applications sur mesure permettent une collecte de donn\u00e9es sur le terrain de mani\u00e8re int\u00e9gr\u00e9e, facilitant la mise \u00e0 jour et l\u2019analyse des informations en temps r\u00e9el.<\/li>\n\n\n\n<li><strong>Dispositifs de G\u00e9olocalisation et GPS Professionnels<\/strong> : Pour garantir la pr\u00e9cision des donn\u00e9es recueillies, notamment dans des zones \u00e9loign\u00e9es ou \u00e0 acc\u00e8s limit\u00e9.<\/li>\n<\/ul>\n<\/div>\n<\/div>\n<\/div>\n<\/div>\n\n\n\n<h2 class=\"wp-block-heading has-text-align-center\"><strong>R\u00e9sultats et Livrables<\/strong><\/h2>\n\n\n\n<div class=\"wp-block-columns alignfull is-layout-flex wp-container-core-columns-is-layout-9d6595d7 wp-block-columns-is-layout-flex\">\n<div class=\"wp-block-column is-layout-flow wp-block-column-is-layout-flow\" style=\"flex-basis:50%\">\n<div class=\"wp-block-cover\" style=\"min-height:600px;aspect-ratio:unset;\"><span aria-hidden=\"true\" class=\"wp-block-cover__background has-background-dim-100 has-background-dim\" style=\"background-color:#f6f6f6\"><\/span><div class=\"wp-block-cover__inner-container is-layout-flow wp-block-cover-is-layout-flow\"><div class=\"wp-block-image\">\n<figure class=\"aligncenter size-full is-resized\"><img loading=\"lazy\" decoding=\"async\" width=\"1600\" height=\"906\" src=\"https:\/\/drone-discovery.tn\/wp-content\/uploads\/2026\/04\/WhatsApp-Image-2026-01-06-at-09.52.19.jpeg\" alt=\"\" class=\"wp-image-486\" style=\"aspect-ratio:1.7661278578709771;object-fit:contain;width:699px;height:auto\" srcset=\"https:\/\/drone-discovery.tn\/wp-content\/uploads\/2026\/04\/WhatsApp-Image-2026-01-06-at-09.52.19.jpeg 1600w, https:\/\/drone-discovery.tn\/wp-content\/uploads\/2026\/04\/WhatsApp-Image-2026-01-06-at-09.52.19-300x170.jpeg 300w, https:\/\/drone-discovery.tn\/wp-content\/uploads\/2026\/04\/WhatsApp-Image-2026-01-06-at-09.52.19-1024x580.jpeg 1024w, https:\/\/drone-discovery.tn\/wp-content\/uploads\/2026\/04\/WhatsApp-Image-2026-01-06-at-09.52.19-768x435.jpeg 768w, https:\/\/drone-discovery.tn\/wp-content\/uploads\/2026\/04\/WhatsApp-Image-2026-01-06-at-09.52.19-1536x870.jpeg 1536w\" sizes=\"(max-width: 1600px) 100vw, 1600px\" \/><\/figure>\n<\/div><\/div><\/div>\n<\/div>\n\n\n\n<div class=\"wp-block-column is-vertically-aligned-center is-layout-flow wp-block-column-is-layout-flow\" style=\"padding-top:1em;padding-right:1em;padding-bottom:1em;padding-left:1em\">\n<div class=\"wp-block-columns is-layout-flex wp-container-core-columns-is-layout-9d6595d7 wp-block-columns-is-layout-flex\">\n<div class=\"wp-block-column is-layout-flow wp-block-column-is-layout-flow\" style=\"flex-basis:320px\">\n<p>Nous offrons divers livrables SIG adapt\u00e9s aux besoins des projets g\u00e9ospatiaux :<\/p>\n\n\n\n<ul class=\"wp-block-list\">\n<li><strong>Bases de Donn\u00e9es G\u00e9ospatiales Structur\u00e9es<\/strong> : Con\u00e7ues pour un acc\u00e8s efficace et une gestion simplifi\u00e9e, ces bases de donn\u00e9es permettent de stocker, de visualiser et d\u2019analyser de grandes quantit\u00e9s d\u2019informations g\u00e9ographiques.<\/li>\n\n\n\n<li><strong>Cartes Th\u00e9matiques et Analytiques<\/strong> : Des repr\u00e9sentations visuelles personnalis\u00e9es pour une meilleure compr\u00e9hension des donn\u00e9es et une analyse approfondie de diff\u00e9rents param\u00e8tres g\u00e9ographiques.<\/li>\n\n\n\n<li><strong>Rapports de Gestion de R\u00e9seaux<\/strong> : Offrant une analyse des r\u00e9seaux d\u2019infrastructure pour faciliter la planification et le suivi des projets de d\u00e9veloppement.<\/li>\n\n\n\n<li><strong>Applications SIG sur Mesure<\/strong> : Outils de collecte et de gestion d\u00e9velopp\u00e9s pour une efficacit\u00e9 accrue dans les relev\u00e9s terrain et l\u2019organisation des donn\u00e9es.<\/li>\n<\/ul>\n<\/div>\n<\/div>\n<\/div>\n<\/div>\n\n\n\n<p><\/p>\n","protected":false},"excerpt":{"rendered":"<p>\u00c9quipements et Logiciels Utilis\u00e9s Pour offrir des services de SIG complets et efficaces, nous utilisons les logiciels et \u00e9quipements suivants : R\u00e9sultats et Livrables Nous offrons divers livrables SIG adapt\u00e9s aux besoins des projets g\u00e9ospatiaux :<\/p>\n","protected":false},"author":1,"featured_media":0,"parent":0,"menu_order":0,"comment_status":"closed","ping_status":"closed","template":"","meta":{"saved_in_kubio":true,"footnotes":""},"class_list":["post-358","page","type-page","status-publish","hentry"],"kubio_ai_page_context":{"short_desc":"","purpose":"general"},"_links":{"self":[{"href":"https:\/\/drone-discovery.tn\/index.php?rest_route=\/wp\/v2\/pages\/358","targetHints":{"allow":["GET"]}}],"collection":[{"href":"https:\/\/drone-discovery.tn\/index.php?rest_route=\/wp\/v2\/pages"}],"about":[{"href":"https:\/\/drone-discovery.tn\/index.php?rest_route=\/wp\/v2\/types\/page"}],"author":[{"embeddable":true,"href":"https:\/\/drone-discovery.tn\/index.php?rest_route=\/wp\/v2\/users\/1"}],"replies":[{"embeddable":true,"href":"https:\/\/drone-discovery.tn\/index.php?rest_route=%2Fwp%2Fv2%2Fcomments&post=358"}],"version-history":[{"count":2,"href":"https:\/\/drone-discovery.tn\/index.php?rest_route=\/wp\/v2\/pages\/358\/revisions"}],"predecessor-version":[{"id":487,"href":"https:\/\/drone-discovery.tn\/index.php?rest_route=\/wp\/v2\/pages\/358\/revisions\/487"}],"wp:attachment":[{"href":"https:\/\/drone-discovery.tn\/index.php?rest_route=%2Fwp%2Fv2%2Fmedia&parent=358"}],"curies":[{"name":"wp","href":"https:\/\/api.w.org\/{rel}","templated":true}]}}