{"id":357,"date":"2024-11-08T09:20:00","date_gmt":"2024-11-08T09:20:00","guid":{"rendered":"https:\/\/drone-discovery.tn\/?page_id=357"},"modified":"2026-04-14T11:53:11","modified_gmt":"2026-04-14T11:53:11","slug":"topographie","status":"publish","type":"page","link":"https:\/\/drone-discovery.tn\/?page_id=357","title":{"rendered":"Topographie"},"content":{"rendered":"\n\n\n\n\n<h2 class=\"wp-block-heading has-text-align-center\"><strong>\u00c9quipements Utilis\u00e9s<\/strong><\/h2>\n\n\n\n<div class=\"wp-block-columns alignfull is-layout-flex wp-container-core-columns-is-layout-9d6595d7 wp-block-columns-is-layout-flex\">\n<div class=\"wp-block-column is-layout-flow wp-block-column-is-layout-flow\" style=\"flex-basis:50%\">\n<div class=\"wp-block-cover is-light\" style=\"min-height:600px;aspect-ratio:unset;\"><span aria-hidden=\"true\" class=\"wp-block-cover__background has-background-dim-100 has-background-dim\" style=\"background-color:#f6f6f6\"><\/span><div class=\"wp-block-cover__inner-container is-layout-flow wp-block-cover-is-layout-flow\"><div class=\"wp-block-image\">\n<figure class=\"aligncenter size-full is-resized\"><img loading=\"lazy\" decoding=\"async\" width=\"1280\" height=\"1166\" src=\"https:\/\/drone-discovery.tn\/wp-content\/uploads\/2026\/04\/WhatsApp-Image-2026-02-18-at-19.43.30-1.jpeg\" alt=\"\" class=\"wp-image-427\" style=\"aspect-ratio:1.0989488945270025;object-fit:contain;width:515px;height:auto\" srcset=\"https:\/\/drone-discovery.tn\/wp-content\/uploads\/2026\/04\/WhatsApp-Image-2026-02-18-at-19.43.30-1.jpeg 1280w, https:\/\/drone-discovery.tn\/wp-content\/uploads\/2026\/04\/WhatsApp-Image-2026-02-18-at-19.43.30-1-300x273.jpeg 300w, https:\/\/drone-discovery.tn\/wp-content\/uploads\/2026\/04\/WhatsApp-Image-2026-02-18-at-19.43.30-1-1024x933.jpeg 1024w, https:\/\/drone-discovery.tn\/wp-content\/uploads\/2026\/04\/WhatsApp-Image-2026-02-18-at-19.43.30-1-768x700.jpeg 768w, https:\/\/drone-discovery.tn\/wp-content\/uploads\/2026\/04\/WhatsApp-Image-2026-02-18-at-19.43.30-1-1186x1080.jpeg 1186w\" sizes=\"(max-width: 1280px) 100vw, 1280px\" \/><\/figure>\n<\/div><\/div><\/div>\n<\/div>\n\n\n\n<div class=\"wp-block-column is-vertically-aligned-center is-layout-flow wp-block-column-is-layout-flow\" style=\"padding-top:1em;padding-right:1em;padding-bottom:1em;padding-left:1em\">\n<div class=\"wp-block-columns is-layout-flex wp-container-core-columns-is-layout-9d6595d7 wp-block-columns-is-layout-flex\">\n<div class=\"wp-block-column is-layout-flow wp-block-column-is-layout-flow\" style=\"flex-basis:320px\">\n<p>Pour garantir des relev\u00e9s de qualit\u00e9 sup\u00e9rieure, nous employons des \u00e9quipements topographiques et des drones avanc\u00e9s, tels que :<\/p>\n\n\n\n<ul class=\"wp-block-list\">\n<li><strong>GPS de Topographie Geomax<\/strong> : Pour des relev\u00e9s topographiques d\u2019une pr\u00e9cision centim\u00e9trique, essentiel pour les \u00e9tudes d\u00e9taill\u00e9es et les implantations de chantier.<\/li>\n\n\n\n<li><strong>Station Totale<\/strong> : Instrument indispensable pour des mesures angulaires et de distance pr\u00e9cises, surtout dans les zones o\u00f9 les drones sont moins adapt\u00e9s.<\/li>\n\n\n\n<li><strong>Phantom 4 RTK<\/strong> : Drone offrant une pr\u00e9cision RTK (Real-Time Kinematic), id\u00e9al pour les relev\u00e9s de haute r\u00e9solution en topographie, adapt\u00e9 aux zones urbaines et aux grands chantiers.<\/li>\n<\/ul>\n<\/div>\n<\/div>\n<\/div>\n<\/div>\n\n\n\n<h2 class=\"wp-block-heading has-text-align-center\"><strong>R\u00e9sultats et Livrables<\/strong><\/h2>\n\n\n\n<div class=\"wp-block-columns alignfull is-layout-flex wp-container-core-columns-is-layout-9d6595d7 wp-block-columns-is-layout-flex\">\n<div class=\"wp-block-column is-layout-flow wp-block-column-is-layout-flow\" style=\"flex-basis:50%\">\n<div class=\"wp-block-cover\" style=\"min-height:600px;aspect-ratio:unset;\"><span aria-hidden=\"true\" class=\"wp-block-cover__background has-background-dim-100 has-background-dim\" style=\"background-color:#f6f6f6\"><\/span><div class=\"wp-block-cover__inner-container is-layout-flow wp-block-cover-is-layout-flow\"><div class=\"wp-block-image\">\n<figure class=\"aligncenter size-full is-resized\"><img loading=\"lazy\" decoding=\"async\" width=\"480\" height=\"356\" src=\"https:\/\/drone-discovery.tn\/wp-content\/uploads\/2026\/04\/anim2.jpg\" alt=\"\" class=\"wp-image-489\" style=\"aspect-ratio:1.3483795652898993;object-fit:contain;width:545px;height:auto\" srcset=\"https:\/\/drone-discovery.tn\/wp-content\/uploads\/2026\/04\/anim2.jpg 480w, https:\/\/drone-discovery.tn\/wp-content\/uploads\/2026\/04\/anim2-300x223.jpg 300w\" sizes=\"(max-width: 480px) 100vw, 480px\" \/><\/figure>\n<\/div><\/div><\/div>\n<\/div>\n\n\n\n<div class=\"wp-block-column is-vertically-aligned-center is-layout-flow wp-block-column-is-layout-flow\" style=\"padding-top:1em;padding-right:1em;padding-bottom:1em;padding-left:1em\">\n<div class=\"wp-block-columns is-layout-flex wp-container-core-columns-is-layout-9d6595d7 wp-block-columns-is-layout-flex\">\n<div class=\"wp-block-column is-layout-flow wp-block-column-is-layout-flow\" style=\"flex-basis:320px\">\n<p>Nous proposons des livrables adapt\u00e9s aux besoins sp\u00e9cifiques de la topographie :<\/p>\n\n\n\n<ul class=\"wp-block-list\">\n<li><strong>Orthophotos de Tr\u00e8s Haute R\u00e9solution<\/strong> : Fournissant une vue a\u00e9rienne pr\u00e9cise et d\u00e9taill\u00e9e pour la cartographie et l\u2019analyse des terrains.<\/li>\n\n\n\n<li><strong>Mod\u00e8les Num\u00e9riques de Terrain (MNT)<\/strong> : Repr\u00e9sentations topographiques pr\u00e9cises utilis\u00e9es pour la planification de projets de construction et d\u2019am\u00e9nagement.<\/li>\n\n\n\n<li><strong>Nuages de Points 3D<\/strong> : Densit\u00e9 de points \u00e9lev\u00e9e pour une exploitation directe dans les logiciels CAD, id\u00e9al pour la mod\u00e9lisation des surfaces et des infrastructures.<\/li>\n\n\n\n<li><strong>Plans Topographiques CAD<\/strong> : R\u00e9sultats directement utilisables dans les logiciels de conception assist\u00e9e par ordinateur, facilitant la cr\u00e9ation de plans pr\u00e9cis pour les projets d\u2019ing\u00e9nierie.<\/li>\n\n\n\n<li><strong>Rapports Topographiques<\/strong> : D\u00e9tails des relev\u00e9s et analyses des donn\u00e9es pour une compr\u00e9hension approfondie des caract\u00e9ristiques du terrain.<\/li>\n<\/ul>\n<\/div>\n<\/div>\n<\/div>\n<\/div>\n\n\n\n<p><\/p>\n","protected":false},"excerpt":{"rendered":"<p>\u00c9quipements Utilis\u00e9s Pour garantir des relev\u00e9s de qualit\u00e9 sup\u00e9rieure, nous employons des \u00e9quipements topographiques et des drones avanc\u00e9s, tels que : R\u00e9sultats et Livrables Nous proposons des livrables adapt\u00e9s aux besoins sp\u00e9cifiques de la topographie :<\/p>\n","protected":false},"author":1,"featured_media":0,"parent":0,"menu_order":0,"comment_status":"closed","ping_status":"closed","template":"","meta":{"saved_in_kubio":true,"footnotes":""},"class_list":["post-357","page","type-page","status-publish","hentry"],"kubio_ai_page_context":{"short_desc":"","purpose":"general"},"_links":{"self":[{"href":"https:\/\/drone-discovery.tn\/index.php?rest_route=\/wp\/v2\/pages\/357","targetHints":{"allow":["GET"]}}],"collection":[{"href":"https:\/\/drone-discovery.tn\/index.php?rest_route=\/wp\/v2\/pages"}],"about":[{"href":"https:\/\/drone-discovery.tn\/index.php?rest_route=\/wp\/v2\/types\/page"}],"author":[{"embeddable":true,"href":"https:\/\/drone-discovery.tn\/index.php?rest_route=\/wp\/v2\/users\/1"}],"replies":[{"embeddable":true,"href":"https:\/\/drone-discovery.tn\/index.php?rest_route=%2Fwp%2Fv2%2Fcomments&post=357"}],"version-history":[{"count":3,"href":"https:\/\/drone-discovery.tn\/index.php?rest_route=\/wp\/v2\/pages\/357\/revisions"}],"predecessor-version":[{"id":490,"href":"https:\/\/drone-discovery.tn\/index.php?rest_route=\/wp\/v2\/pages\/357\/revisions\/490"}],"wp:attachment":[{"href":"https:\/\/drone-discovery.tn\/index.php?rest_route=%2Fwp%2Fv2%2Fmedia&parent=357"}],"curies":[{"name":"wp","href":"https:\/\/api.w.org\/{rel}","templated":true}]}}