{"id":339,"date":"2024-11-07T15:38:22","date_gmt":"2024-11-07T15:38:22","guid":{"rendered":"https:\/\/drone-discovery.tn\/?page_id=339"},"modified":"2026-04-14T11:41:26","modified_gmt":"2026-04-14T11:41:26","slug":"media","status":"publish","type":"page","link":"https:\/\/drone-discovery.tn\/?page_id=339","title":{"rendered":"Media"},"content":{"rendered":"\n\n\n\n\n<h2 class=\"wp-block-heading has-text-align-center\"><strong>\u00c9quipements Utilis\u00e9s<\/strong><\/h2>\n\n\n\n<div class=\"wp-block-columns alignfull is-layout-flex wp-container-core-columns-is-layout-9d6595d7 wp-block-columns-is-layout-flex\">\n<div class=\"wp-block-column is-layout-flow wp-block-column-is-layout-flow\" style=\"flex-basis:50%\">\n<div class=\"wp-block-cover is-light\" style=\"min-height:600px;aspect-ratio:unset;\"><span aria-hidden=\"true\" class=\"wp-block-cover__background has-background-dim-100 has-background-dim\" style=\"background-color:#f6f6f6\"><\/span><div class=\"wp-block-cover__inner-container is-layout-flow wp-block-cover-is-layout-flow\"><div class=\"wp-block-image\">\n<figure class=\"aligncenter size-full is-resized\"><img loading=\"lazy\" decoding=\"async\" width=\"960\" height=\"1280\" src=\"https:\/\/drone-discovery.tn\/wp-content\/uploads\/2026\/04\/WhatsApp-Image-2025-09-30-a-00.15.53_f36fcfa5.jpg\" alt=\"\" class=\"wp-image-460\" style=\"aspect-ratio:1.3333333333333333;object-fit:cover;width:595px;height:auto\" srcset=\"https:\/\/drone-discovery.tn\/wp-content\/uploads\/2026\/04\/WhatsApp-Image-2025-09-30-a-00.15.53_f36fcfa5.jpg 960w, https:\/\/drone-discovery.tn\/wp-content\/uploads\/2026\/04\/WhatsApp-Image-2025-09-30-a-00.15.53_f36fcfa5-225x300.jpg 225w, https:\/\/drone-discovery.tn\/wp-content\/uploads\/2026\/04\/WhatsApp-Image-2025-09-30-a-00.15.53_f36fcfa5-768x1024.jpg 768w, https:\/\/drone-discovery.tn\/wp-content\/uploads\/2026\/04\/WhatsApp-Image-2025-09-30-a-00.15.53_f36fcfa5-810x1080.jpg 810w\" sizes=\"(max-width: 960px) 100vw, 960px\" \/><\/figure>\n<\/div><\/div><\/div>\n<\/div>\n\n\n\n<div class=\"wp-block-column is-vertically-aligned-center is-layout-flow wp-block-column-is-layout-flow\" style=\"padding-top:1em;padding-right:1em;padding-bottom:1em;padding-left:1em\">\n<div class=\"wp-block-columns is-layout-flex wp-container-core-columns-is-layout-9d6595d7 wp-block-columns-is-layout-flex\">\n<div class=\"wp-block-column is-layout-flow wp-block-column-is-layout-flow\" style=\"flex-basis:320px\">\n<p>Pour garantir la qualit\u00e9 et la diversit\u00e9 de nos productions vid\u00e9o, nous utilisons :<\/p>\n\n\n\n<ul class=\"wp-block-list\">\n<li><strong>Drone Mavic 2 pro et cam\u00e9ra 4K :<\/strong> Ce drone polyvalent permet de capturer des plans a\u00e9riens fluides et en haute r\u00e9solution, id\u00e9al pour la production de vid\u00e9os promotionnelles.<\/li>\n\n\n\n<li><strong>\u00c9quipements de stabilisation et de prise de vue au sol<\/strong> : Pour des prises de vue dynamiques et des transitions fluides, nos stabilisateurs et cam\u00e9ras professionnelles assurent une qualit\u00e9 constante, m\u00eame lors des captations en mouvement.<\/li>\n<\/ul>\n<\/div>\n<\/div>\n<\/div>\n<\/div>\n\n\n\n<h2 class=\"wp-block-heading has-text-align-center\"><strong>R\u00e9sultats et Livrables<\/strong><\/h2>\n\n\n\n<div class=\"wp-block-columns alignfull is-layout-flex wp-container-core-columns-is-layout-9d6595d7 wp-block-columns-is-layout-flex\">\n<div class=\"wp-block-column is-layout-flow wp-block-column-is-layout-flow\" style=\"flex-basis:50%\">\n<div class=\"wp-block-cover\" style=\"min-height:600px;aspect-ratio:unset;\"><span aria-hidden=\"true\" class=\"wp-block-cover__background has-background-dim-100 has-background-dim\" style=\"background-color:#f6f6f6\"><\/span><div class=\"wp-block-cover__inner-container is-layout-flow wp-block-cover-is-layout-flow\"><div class=\"wp-block-image\">\n<figure class=\"aligncenter size-full is-resized\"><img loading=\"lazy\" decoding=\"async\" width=\"2560\" height=\"1440\" src=\"https:\/\/drone-discovery.tn\/wp-content\/uploads\/2026\/04\/zaghouan-view.00_00_58_07.Still005-scaled.jpg\" alt=\"\" class=\"wp-image-475\" style=\"aspect-ratio:1.3320153761669413;width:659px;height:auto\" srcset=\"https:\/\/drone-discovery.tn\/wp-content\/uploads\/2026\/04\/zaghouan-view.00_00_58_07.Still005-scaled.jpg 2560w, https:\/\/drone-discovery.tn\/wp-content\/uploads\/2026\/04\/zaghouan-view.00_00_58_07.Still005-300x169.jpg 300w, https:\/\/drone-discovery.tn\/wp-content\/uploads\/2026\/04\/zaghouan-view.00_00_58_07.Still005-1024x576.jpg 1024w, https:\/\/drone-discovery.tn\/wp-content\/uploads\/2026\/04\/zaghouan-view.00_00_58_07.Still005-768x432.jpg 768w, https:\/\/drone-discovery.tn\/wp-content\/uploads\/2026\/04\/zaghouan-view.00_00_58_07.Still005-1536x864.jpg 1536w, https:\/\/drone-discovery.tn\/wp-content\/uploads\/2026\/04\/zaghouan-view.00_00_58_07.Still005-2048x1152.jpg 2048w, https:\/\/drone-discovery.tn\/wp-content\/uploads\/2026\/04\/zaghouan-view.00_00_58_07.Still005-1920x1080.jpg 1920w\" sizes=\"(max-width: 2560px) 100vw, 2560px\" \/><\/figure>\n<\/div><\/div><\/div>\n<\/div>\n\n\n\n<div class=\"wp-block-column is-vertically-aligned-center is-layout-flow wp-block-column-is-layout-flow\" style=\"padding-top:1em;padding-right:1em;padding-bottom:1em;padding-left:1em\">\n<div class=\"wp-block-columns is-layout-flex wp-container-core-columns-is-layout-9d6595d7 wp-block-columns-is-layout-flex\">\n<div class=\"wp-block-column is-layout-flow wp-block-column-is-layout-flow\" style=\"flex-basis:320px\">\n<p>Nous proposons des livrables sp\u00e9cifiques et adapt\u00e9s aux besoins de production audiovisuelle :<\/p>\n\n\n\n<ul class=\"wp-block-list\">\n<li><strong>Vid\u00e9os promotionnelles 4K<\/strong> : Id\u00e9ales pour des campagnes publicitaires ou des pr\u00e9sentations, ces vid\u00e9os mettent en avant les points forts de l\u2019entreprise avec un rendu professionnel.<\/li>\n\n\n\n<li><strong>Montages personnalis\u00e9s pour les \u00e9v\u00e9nements<\/strong> : Un montage professionnel adapt\u00e9 aux besoins du client, int\u00e9grant les moments cl\u00e9s de l\u2019\u00e9v\u00e9nement et une narration visuelle percutante.<\/li>\n\n\n\n<li><strong>Clips pour les r\u00e9seaux sociaux<\/strong> : Des vid\u00e9os con\u00e7ues sp\u00e9cialement pour les plateformes sociales, pr\u00eates \u00e0 \u00eatre partag\u00e9es pour maximiser la port\u00e9e et l\u2019engagement.<\/li>\n\n\n\n<li><strong>Archives vid\u00e9o en haute r\u00e9solution<\/strong> : Les captations d\u2019\u00e9v\u00e9nements et de projets sont livr\u00e9es en haute d\u00e9finition, pr\u00eates pour des r\u00e9utilisations ou des montages futurs.<\/li>\n<\/ul>\n<\/div>\n<\/div>\n<\/div>\n<\/div>\n\n\n\n<p><\/p>\n","protected":false},"excerpt":{"rendered":"<p>\u00c9quipements Utilis\u00e9s Pour garantir la qualit\u00e9 et la diversit\u00e9 de nos productions vid\u00e9o, nous utilisons : R\u00e9sultats et Livrables Nous proposons des livrables sp\u00e9cifiques et adapt\u00e9s aux besoins de production audiovisuelle :<\/p>\n","protected":false},"author":1,"featured_media":0,"parent":0,"menu_order":0,"comment_status":"closed","ping_status":"closed","template":"","meta":{"saved_in_kubio":true,"footnotes":""},"class_list":["post-339","page","type-page","status-publish","hentry"],"kubio_ai_page_context":{"short_desc":"","purpose":"general"},"_links":{"self":[{"href":"https:\/\/drone-discovery.tn\/index.php?rest_route=\/wp\/v2\/pages\/339","targetHints":{"allow":["GET"]}}],"collection":[{"href":"https:\/\/drone-discovery.tn\/index.php?rest_route=\/wp\/v2\/pages"}],"about":[{"href":"https:\/\/drone-discovery.tn\/index.php?rest_route=\/wp\/v2\/types\/page"}],"author":[{"embeddable":true,"href":"https:\/\/drone-discovery.tn\/index.php?rest_route=\/wp\/v2\/users\/1"}],"replies":[{"embeddable":true,"href":"https:\/\/drone-discovery.tn\/index.php?rest_route=%2Fwp%2Fv2%2Fcomments&post=339"}],"version-history":[{"count":4,"href":"https:\/\/drone-discovery.tn\/index.php?rest_route=\/wp\/v2\/pages\/339\/revisions"}],"predecessor-version":[{"id":476,"href":"https:\/\/drone-discovery.tn\/index.php?rest_route=\/wp\/v2\/pages\/339\/revisions\/476"}],"wp:attachment":[{"href":"https:\/\/drone-discovery.tn\/index.php?rest_route=%2Fwp%2Fv2%2Fmedia&parent=339"}],"curies":[{"name":"wp","href":"https:\/\/api.w.org\/{rel}","templated":true}]}}