{"id":306,"date":"2024-11-06T22:42:05","date_gmt":"2024-11-06T22:42:05","guid":{"rendered":"https:\/\/drone-discovery.tn\/?page_id=306"},"modified":"2026-04-14T11:33:35","modified_gmt":"2026-04-14T11:33:35","slug":"foresterie-et-gestion-des-ressources-naturelles","status":"publish","type":"page","link":"https:\/\/drone-discovery.tn\/?page_id=306","title":{"rendered":"Foresterie et Gestion des Ressources Naturelles"},"content":{"rendered":"\n\n\n\n\n<h2 class=\"wp-block-heading has-text-align-center\"><strong>\u00c9quipements Utilis\u00e9s<\/strong><\/h2>\n\n\n\n<div class=\"wp-block-columns alignfull is-layout-flex wp-container-core-columns-is-layout-9d6595d7 wp-block-columns-is-layout-flex\">\n<div class=\"wp-block-column is-layout-flow wp-block-column-is-layout-flow\" style=\"flex-basis:50%\">\n<div class=\"wp-block-cover is-light\" style=\"min-height:600px;aspect-ratio:unset;\"><span aria-hidden=\"true\" class=\"wp-block-cover__background has-background-dim-100 has-background-dim\" style=\"background-color:#f6f6f6\"><\/span><div class=\"wp-block-cover__inner-container is-layout-flow wp-block-cover-is-layout-flow\"><div class=\"wp-block-image\">\n<figure class=\"aligncenter size-full is-resized\"><img loading=\"lazy\" decoding=\"async\" width=\"1600\" height=\"900\" src=\"https:\/\/drone-discovery.tn\/wp-content\/uploads\/2026\/04\/IMA_BLOG_GEO_NaviGate_photo3.jpg\" alt=\"\" class=\"wp-image-461\" style=\"aspect-ratio:1.3333333333333333;object-fit:cover;width:613px;height:auto\" srcset=\"https:\/\/drone-discovery.tn\/wp-content\/uploads\/2026\/04\/IMA_BLOG_GEO_NaviGate_photo3.jpg 1600w, https:\/\/drone-discovery.tn\/wp-content\/uploads\/2026\/04\/IMA_BLOG_GEO_NaviGate_photo3-300x169.jpg 300w, https:\/\/drone-discovery.tn\/wp-content\/uploads\/2026\/04\/IMA_BLOG_GEO_NaviGate_photo3-1024x576.jpg 1024w, https:\/\/drone-discovery.tn\/wp-content\/uploads\/2026\/04\/IMA_BLOG_GEO_NaviGate_photo3-768x432.jpg 768w, https:\/\/drone-discovery.tn\/wp-content\/uploads\/2026\/04\/IMA_BLOG_GEO_NaviGate_photo3-1536x864.jpg 1536w\" sizes=\"(max-width: 1600px) 100vw, 1600px\" \/><\/figure>\n<\/div><\/div><\/div>\n<\/div>\n\n\n\n<div class=\"wp-block-column is-vertically-aligned-center is-layout-flow wp-block-column-is-layout-flow\" style=\"padding-top:1em;padding-right:1em;padding-bottom:1em;padding-left:1em\">\n<div class=\"wp-block-columns is-layout-flex wp-container-core-columns-is-layout-9d6595d7 wp-block-columns-is-layout-flex\">\n<div class=\"wp-block-column is-layout-flow wp-block-column-is-layout-flow\" style=\"flex-basis:320px\">\n<p>Pour garantir la pr\u00e9cision et la fiabilit\u00e9 des relev\u00e9s dans le domaine de la foresterie et de la gestion des ressources naturelles, nous utilisons :<\/p>\n\n\n\n<ul class=\"wp-block-list\">\n<li><strong><font dir=\"auto\" style=\"vertical-align: inherit;\"><font dir=\"auto\" style=\"vertical-align: inherit;\">Drone Matrice 300 avec cam\u00e9ra multispectrale et capteur LiDAR L1<\/font><\/font><\/strong><font dir=\"auto\" style=\"vertical-align: inherit;\"><font dir=\"auto\" style=\"vertical-align: inherit;\"> : Cette combinaison de capteurs permet d&#8217;obtenir des donn\u00e9es multispectrales et LiDAR, essentielles pour \u00e9valuer la sant\u00e9 de la v\u00e9g\u00e9tation, d\u00e9tecter les variations dans la biomasse et cartographier les structures foresti\u00e8res.<\/font><\/font><\/li>\n\n\n\n<li><strong>Phantom 4 RTK<\/strong> : Un drone performant pour des relev\u00e9s topographiques pr\u00e9cis, id\u00e9al pour cartographier les grandes \u00e9tendues et suivre les modifications du territoire avec exactitude.<\/li>\n<\/ul>\n<\/div>\n<\/div>\n<\/div>\n<\/div>\n\n\n\n<h2 class=\"wp-block-heading has-text-align-center\"><strong>R\u00e9sultats et Livrables<\/strong><\/h2>\n\n\n\n<div class=\"wp-block-columns alignfull is-layout-flex wp-container-core-columns-is-layout-9d6595d7 wp-block-columns-is-layout-flex\">\n<div class=\"wp-block-column is-layout-flow wp-block-column-is-layout-flow\" style=\"flex-basis:50%\">\n<div class=\"wp-block-cover\" style=\"min-height:600px;aspect-ratio:unset;\"><span aria-hidden=\"true\" class=\"wp-block-cover__background has-background-dim-100 has-background-dim\" style=\"background-color:#f6f6f6\"><\/span><div class=\"wp-block-cover__inner-container is-layout-flow wp-block-cover-is-layout-flow\"><div class=\"wp-block-image\">\n<figure class=\"aligncenter size-full is-resized\"><img loading=\"lazy\" decoding=\"async\" width=\"1600\" height=\"1198\" src=\"https:\/\/drone-discovery.tn\/wp-content\/uploads\/2026\/04\/WhatsApp-Image-2025-11-26-at-16.52.55.jpeg\" alt=\"\" class=\"wp-image-462\" style=\"aspect-ratio:1.5000618429189858;width:667px;height:auto\" srcset=\"https:\/\/drone-discovery.tn\/wp-content\/uploads\/2026\/04\/WhatsApp-Image-2025-11-26-at-16.52.55.jpeg 1600w, https:\/\/drone-discovery.tn\/wp-content\/uploads\/2026\/04\/WhatsApp-Image-2025-11-26-at-16.52.55-300x225.jpeg 300w, https:\/\/drone-discovery.tn\/wp-content\/uploads\/2026\/04\/WhatsApp-Image-2025-11-26-at-16.52.55-1024x767.jpeg 1024w, https:\/\/drone-discovery.tn\/wp-content\/uploads\/2026\/04\/WhatsApp-Image-2025-11-26-at-16.52.55-768x575.jpeg 768w, https:\/\/drone-discovery.tn\/wp-content\/uploads\/2026\/04\/WhatsApp-Image-2025-11-26-at-16.52.55-1536x1150.jpeg 1536w, https:\/\/drone-discovery.tn\/wp-content\/uploads\/2026\/04\/WhatsApp-Image-2025-11-26-at-16.52.55-1442x1080.jpeg 1442w\" sizes=\"(max-width: 1600px) 100vw, 1600px\" \/><\/figure>\n<\/div><\/div><\/div>\n<\/div>\n\n\n\n<div class=\"wp-block-column is-vertically-aligned-center is-layout-flow wp-block-column-is-layout-flow\" style=\"padding-top:1em;padding-right:1em;padding-bottom:1em;padding-left:1em\">\n<div class=\"wp-block-columns is-layout-flex wp-container-core-columns-is-layout-9d6595d7 wp-block-columns-is-layout-flex\">\n<div class=\"wp-block-column is-layout-flow wp-block-column-is-layout-flow\" style=\"flex-basis:320px\">\n<p>Nous offrons des livrables personnalis\u00e9s et adapt\u00e9s aux besoins de la foresterie et de la gestion des ressources naturelles :<\/p>\n\n\n\n<ul class=\"wp-block-list\">\n<li><strong>Cartes multispectrales et NDVI<\/strong> : Pour \u00e9valuer la sant\u00e9 des for\u00eats, d\u00e9tecter les zones de stress environnemental et identifier les zones \u00e0 reboiser.<\/li>\n\n\n\n<li><strong>Mod\u00e8les num\u00e9riques de terrain (DTM) et de surface (DSM)<\/strong> : Fournissent une compr\u00e9hension pr\u00e9cise de la topographie des zones foresti\u00e8res, permettant une meilleure gestion de l&#8217;exploitation des ressources.<\/li>\n\n\n\n<li><strong>Mod\u00e8les 3D des \u00e9cosyst\u00e8mes forestiers<\/strong> : Utilis\u00e9s pour visualiser la structure des for\u00eats et analyser les dynamiques de croissance ou d\u2019\u00e9rosion.<\/li>\n\n\n\n<li><strong>Rapports de suivi environnemental<\/strong> : Comprenant des analyses d\u00e9taill\u00e9es de la d\u00e9forestation, de la r\u00e9g\u00e9n\u00e9ration naturelle, et des impacts des activit\u00e9s humaines, pour une gestion durable des ressources.<\/li>\n<\/ul>\n<\/div>\n<\/div>\n<\/div>\n<\/div>\n\n\n\n<p><\/p>\n","protected":false},"excerpt":{"rendered":"<p>\u00c9quipements Utilis\u00e9s Pour garantir la pr\u00e9cision et la fiabilit\u00e9 des relev\u00e9s dans le domaine de la foresterie et de la gestion des ressources naturelles, nous utilisons : R\u00e9sultats et Livrables Nous offrons des livrables personnalis\u00e9s et adapt\u00e9s aux besoins de la foresterie et de la gestion des ressources naturelles :<\/p>\n","protected":false},"author":1,"featured_media":0,"parent":0,"menu_order":0,"comment_status":"closed","ping_status":"closed","template":"","meta":{"saved_in_kubio":true,"footnotes":""},"class_list":["post-306","page","type-page","status-publish","hentry"],"kubio_ai_page_context":{"short_desc":"","purpose":"general"},"_links":{"self":[{"href":"https:\/\/drone-discovery.tn\/index.php?rest_route=\/wp\/v2\/pages\/306","targetHints":{"allow":["GET"]}}],"collection":[{"href":"https:\/\/drone-discovery.tn\/index.php?rest_route=\/wp\/v2\/pages"}],"about":[{"href":"https:\/\/drone-discovery.tn\/index.php?rest_route=\/wp\/v2\/types\/page"}],"author":[{"embeddable":true,"href":"https:\/\/drone-discovery.tn\/index.php?rest_route=\/wp\/v2\/users\/1"}],"replies":[{"embeddable":true,"href":"https:\/\/drone-discovery.tn\/index.php?rest_route=%2Fwp%2Fv2%2Fcomments&post=306"}],"version-history":[{"count":4,"href":"https:\/\/drone-discovery.tn\/index.php?rest_route=\/wp\/v2\/pages\/306\/revisions"}],"predecessor-version":[{"id":463,"href":"https:\/\/drone-discovery.tn\/index.php?rest_route=\/wp\/v2\/pages\/306\/revisions\/463"}],"wp:attachment":[{"href":"https:\/\/drone-discovery.tn\/index.php?rest_route=%2Fwp%2Fv2%2Fmedia&parent=306"}],"curies":[{"name":"wp","href":"https:\/\/api.w.org\/{rel}","templated":true}]}}