{"id":293,"date":"2024-11-06T22:28:00","date_gmt":"2024-11-06T22:28:00","guid":{"rendered":"https:\/\/drone-discovery.tn\/?page_id=293"},"modified":"2026-04-14T11:54:53","modified_gmt":"2026-04-14T11:54:53","slug":"urbanisme-et-amenagement-du-territoire","status":"publish","type":"page","link":"https:\/\/drone-discovery.tn\/?page_id=293","title":{"rendered":"Urbanisme et am\u00e9nagement du territoire"},"content":{"rendered":"\n\n\n\n\n<h2 class=\"wp-block-heading has-text-align-center\"><strong>\u00c9quipements Utilis\u00e9s<\/strong><\/h2>\n\n\n\n<div class=\"wp-block-columns alignfull is-layout-flex wp-container-core-columns-is-layout-9d6595d7 wp-block-columns-is-layout-flex\">\n<div class=\"wp-block-column is-layout-flow wp-block-column-is-layout-flow\" style=\"flex-basis:50%\">\n<div class=\"wp-block-cover is-light\" style=\"min-height:600px;aspect-ratio:unset;\"><span aria-hidden=\"true\" class=\"wp-block-cover__background has-background-dim-100 has-background-dim\" style=\"background-color:#f6f6f6\"><\/span><div class=\"wp-block-cover__inner-container is-layout-flow wp-block-cover-is-layout-flow\"><div class=\"wp-block-image\">\n<figure class=\"aligncenter size-full is-resized\"><img loading=\"lazy\" decoding=\"async\" width=\"2400\" height=\"960\" src=\"https:\/\/drone-discovery.tn\/wp-content\/uploads\/2026\/04\/378eead2b11f57c17e2facda13a8b133.png\" alt=\"\" class=\"wp-image-491\" style=\"aspect-ratio:1.7777777777777777;object-fit:contain;width:711px;height:auto\" srcset=\"https:\/\/drone-discovery.tn\/wp-content\/uploads\/2026\/04\/378eead2b11f57c17e2facda13a8b133.png 2400w, https:\/\/drone-discovery.tn\/wp-content\/uploads\/2026\/04\/378eead2b11f57c17e2facda13a8b133-300x120.png 300w, https:\/\/drone-discovery.tn\/wp-content\/uploads\/2026\/04\/378eead2b11f57c17e2facda13a8b133-1024x410.png 1024w, https:\/\/drone-discovery.tn\/wp-content\/uploads\/2026\/04\/378eead2b11f57c17e2facda13a8b133-768x307.png 768w, https:\/\/drone-discovery.tn\/wp-content\/uploads\/2026\/04\/378eead2b11f57c17e2facda13a8b133-1536x614.png 1536w, https:\/\/drone-discovery.tn\/wp-content\/uploads\/2026\/04\/378eead2b11f57c17e2facda13a8b133-2048x819.png 2048w, https:\/\/drone-discovery.tn\/wp-content\/uploads\/2026\/04\/378eead2b11f57c17e2facda13a8b133-1920x768.png 1920w\" sizes=\"(max-width: 2400px) 100vw, 2400px\" \/><\/figure>\n<\/div><\/div><\/div>\n<\/div>\n\n\n\n<div class=\"wp-block-column is-vertically-aligned-center is-layout-flow wp-block-column-is-layout-flow\" style=\"padding-top:1em;padding-right:1em;padding-bottom:1em;padding-left:1em\">\n<div class=\"wp-block-columns is-layout-flex wp-container-core-columns-is-layout-9d6595d7 wp-block-columns-is-layout-flex\">\n<div class=\"wp-block-column is-layout-flow wp-block-column-is-layout-flow\" style=\"flex-basis:320px\">\n<p>Pour garantir des r\u00e9sultats de haute pr\u00e9cision en urbanisme, nous utilisons les \u00e9quipements suivants :<\/p>\n\n\n\n<ul class=\"wp-block-list\">\n<li><strong>Phantom 4 RTK :<\/strong> Ce drone est sp\u00e9cialement con\u00e7u pour fournir des donn\u00e9es de cartographie d&#8217;une grande pr\u00e9cision, id\u00e9ale pour les relev\u00e9s urbains et l&#8217;am\u00e9nagement du territoire.<\/li>\n\n\n\n<li><strong>Matrice 300 \u00e9quip\u00e9 de la cam\u00e9ra P1 et du capteur LiDAR L1 :<\/strong> <br>Cet ensemble de pointe permet la capture de donn\u00e9es g\u00e9ospatiales d\u00e9taill\u00e9es, offrant des images photogramm\u00e9triques et des relev\u00e9s LiDAR pour une repr\u00e9sentation compl\u00e8te du territoire, m\u00eame en milieux complexes.<\/li>\n<\/ul>\n<\/div>\n<\/div>\n<\/div>\n<\/div>\n\n\n\n<h2 class=\"wp-block-heading has-text-align-center\"><strong>R\u00e9sultats et Livrables<\/strong><\/h2>\n\n\n\n<div class=\"wp-block-columns alignfull is-layout-flex wp-container-core-columns-is-layout-9d6595d7 wp-block-columns-is-layout-flex\">\n<div class=\"wp-block-column is-layout-flow wp-block-column-is-layout-flow\" style=\"flex-basis:50%\">\n<div class=\"wp-block-cover\" style=\"min-height:600px;aspect-ratio:unset;\"><span aria-hidden=\"true\" class=\"wp-block-cover__background has-background-dim-100 has-background-dim\" style=\"background-color:#f6f6f6\"><\/span><div class=\"wp-block-cover__inner-container is-layout-flow wp-block-cover-is-layout-flow\"><div class=\"wp-block-image\">\n<figure class=\"aligncenter size-full is-resized\"><img loading=\"lazy\" decoding=\"async\" width=\"562\" height=\"468\" src=\"https:\/\/drone-discovery.tn\/wp-content\/uploads\/2024\/11\/utex.png\" alt=\"\" class=\"wp-image-296\" style=\"aspect-ratio:1.2009109812852758;object-fit:contain;width:631px;height:auto\" srcset=\"https:\/\/drone-discovery.tn\/wp-content\/uploads\/2024\/11\/utex.png 562w, https:\/\/drone-discovery.tn\/wp-content\/uploads\/2024\/11\/utex-300x250.png 300w\" sizes=\"(max-width: 562px) 100vw, 562px\" \/><\/figure>\n<\/div><\/div><\/div>\n<\/div>\n\n\n\n<div class=\"wp-block-column is-vertically-aligned-center is-layout-flow wp-block-column-is-layout-flow\" style=\"padding-top:1em;padding-right:1em;padding-bottom:1em;padding-left:1em\">\n<div class=\"wp-block-columns is-layout-flex wp-container-core-columns-is-layout-9d6595d7 wp-block-columns-is-layout-flex\">\n<div class=\"wp-block-column is-layout-flow wp-block-column-is-layout-flow\" style=\"flex-basis:320px\">\n<p>Nous offrons des livrables sp\u00e9cifiques pour les projets d\u2019urbanisme :<\/p>\n\n\n\n<ul class=\"wp-block-list\">\n<li><strong>Cartes topographiques et orthophotos haute r\u00e9solution : <\/strong>Des repr\u00e9sentations visuelles d\u00e9taill\u00e9es des zones d\u2019\u00e9tude, id\u00e9ales pour l\u2019analyse des infrastructures et l\u2019am\u00e9nagement du territoire.<\/li>\n\n\n\n<li><strong>Mod\u00e8les num\u00e9riques de terrain (DTM) et de surface (DSM) :<\/strong> Pour une compr\u00e9hension pr\u00e9cise de la topographie et une analyse approfondie des terrains urbains.<\/li>\n\n\n\n<li><strong>Mod\u00e8les 3D des zones urbaines<\/strong> : Utilis\u00e9s pour la visualisation des projets futurs, offrant une vue d\u2019ensemble des d\u00e9veloppements possibles et facilitant la planification.<\/li>\n\n\n\n<li><strong>Rapports de suivi de projet en temps r\u00e9el<\/strong> : Documents synth\u00e9tiques permettant de suivre l\u2019\u00e9volution des projets d\u2019am\u00e9nagement urbain, assurant ainsi une gestion efficace des \u00e9tapes et des ressources.<\/li>\n<\/ul>\n<\/div>\n<\/div>\n<\/div>\n<\/div>\n\n\n\n<p><\/p>\n","protected":false},"excerpt":{"rendered":"<p>\u00c9quipements Utilis\u00e9s Pour garantir des r\u00e9sultats de haute pr\u00e9cision en urbanisme, nous utilisons les \u00e9quipements suivants : R\u00e9sultats et Livrables Nous offrons des livrables sp\u00e9cifiques pour les projets d\u2019urbanisme :<\/p>\n","protected":false},"author":1,"featured_media":0,"parent":0,"menu_order":0,"comment_status":"closed","ping_status":"closed","template":"","meta":{"saved_in_kubio":true,"footnotes":""},"class_list":["post-293","page","type-page","status-publish","hentry"],"kubio_ai_page_context":{"short_desc":"","purpose":"general"},"_links":{"self":[{"href":"https:\/\/drone-discovery.tn\/index.php?rest_route=\/wp\/v2\/pages\/293","targetHints":{"allow":["GET"]}}],"collection":[{"href":"https:\/\/drone-discovery.tn\/index.php?rest_route=\/wp\/v2\/pages"}],"about":[{"href":"https:\/\/drone-discovery.tn\/index.php?rest_route=\/wp\/v2\/types\/page"}],"author":[{"embeddable":true,"href":"https:\/\/drone-discovery.tn\/index.php?rest_route=\/wp\/v2\/users\/1"}],"replies":[{"embeddable":true,"href":"https:\/\/drone-discovery.tn\/index.php?rest_route=%2Fwp%2Fv2%2Fcomments&post=293"}],"version-history":[{"count":3,"href":"https:\/\/drone-discovery.tn\/index.php?rest_route=\/wp\/v2\/pages\/293\/revisions"}],"predecessor-version":[{"id":492,"href":"https:\/\/drone-discovery.tn\/index.php?rest_route=\/wp\/v2\/pages\/293\/revisions\/492"}],"wp:attachment":[{"href":"https:\/\/drone-discovery.tn\/index.php?rest_route=%2Fwp%2Fv2%2Fmedia&parent=293"}],"curies":[{"name":"wp","href":"https:\/\/api.w.org\/{rel}","templated":true}]}}