{"id":286,"date":"2024-11-06T22:11:30","date_gmt":"2024-11-06T22:11:30","guid":{"rendered":"https:\/\/drone-discovery.tn\/?page_id=286"},"modified":"2026-04-14T11:27:39","modified_gmt":"2026-04-14T11:27:39","slug":"energetique","status":"publish","type":"page","link":"https:\/\/drone-discovery.tn\/?page_id=286","title":{"rendered":"\u00c9nerg\u00e9tique"},"content":{"rendered":"\n\n\n\n\n<h2 class=\"wp-block-heading has-text-align-center\"><strong>\u00c9quipements Utilis\u00e9s<\/strong><\/h2>\n\n\n\n<div class=\"wp-block-columns alignfull is-layout-flex wp-container-core-columns-is-layout-9d6595d7 wp-block-columns-is-layout-flex\">\n<div class=\"wp-block-column is-layout-flow wp-block-column-is-layout-flow\" style=\"flex-basis:50%\">\n<div class=\"wp-block-cover is-light\" style=\"min-height:600px;aspect-ratio:unset;\"><span aria-hidden=\"true\" class=\"wp-block-cover__background has-background-dim-100 has-background-dim\" style=\"background-color:#f6f6f6\"><\/span><div class=\"wp-block-cover__inner-container is-layout-flow wp-block-cover-is-layout-flow\"><div class=\"wp-block-image\">\n<figure class=\"aligncenter size-full is-resized\"><img loading=\"lazy\" decoding=\"async\" width=\"1186\" height=\"673\" src=\"https:\/\/drone-discovery.tn\/wp-content\/uploads\/2026\/04\/Capteur-H20T.jpg\" alt=\"\" class=\"wp-image-454\" style=\"aspect-ratio:1.3350946719506824;width:621px;height:auto\" srcset=\"https:\/\/drone-discovery.tn\/wp-content\/uploads\/2026\/04\/Capteur-H20T.jpg 1186w, https:\/\/drone-discovery.tn\/wp-content\/uploads\/2026\/04\/Capteur-H20T-300x170.jpg 300w, https:\/\/drone-discovery.tn\/wp-content\/uploads\/2026\/04\/Capteur-H20T-1024x581.jpg 1024w, https:\/\/drone-discovery.tn\/wp-content\/uploads\/2026\/04\/Capteur-H20T-768x436.jpg 768w\" sizes=\"(max-width: 1186px) 100vw, 1186px\" \/><\/figure>\n<\/div><\/div><\/div>\n<\/div>\n\n\n\n<div class=\"wp-block-column is-vertically-aligned-center is-layout-flow wp-block-column-is-layout-flow\" style=\"padding-top:1em;padding-right:1em;padding-bottom:1em;padding-left:1em\">\n<div class=\"wp-block-columns is-layout-flex wp-container-core-columns-is-layout-9d6595d7 wp-block-columns-is-layout-flex\">\n<div class=\"wp-block-column is-layout-flow wp-block-column-is-layout-flow\" style=\"flex-basis:320px\">\n<p>Pour garantir la qualit\u00e9 et la pr\u00e9cision de nos inspections \u00e9nerg\u00e9tiques, nous utilisons des \u00e9quipements sp\u00e9cialis\u00e9s :<\/p>\n\n\n\n<ul class=\"wp-block-list\">\n<li><strong>Drone Mavic 3 Thermique :<\/strong> Ce drone est \u00e9quip\u00e9 de capteurs thermiques pour la d\u00e9tection de points chauds et l\u2019identification de dysfonctionnements sur les panneaux solaires et autres installations sensibles.<\/li>\n\n\n\n<li><strong>Cam\u00e9ra H20T :<\/strong> Dot\u00e9e de capteurs thermiques, optiques et zoom, cette cam\u00e9ra offre une analyse d\u00e9taill\u00e9e des infrastructures \u00e9nerg\u00e9tiques, permettant d\u2019identifier des anomalies \u00e0 distance et en toute s\u00e9curit\u00e9.<\/li>\n<\/ul>\n<\/div>\n<\/div>\n<\/div>\n<\/div>\n\n\n\n<h2 class=\"wp-block-heading has-text-align-center\"><strong>R\u00e9sultats et Livrables<\/strong><\/h2>\n\n\n\n<div class=\"wp-block-columns alignfull is-layout-flex wp-container-core-columns-is-layout-9d6595d7 wp-block-columns-is-layout-flex\">\n<div class=\"wp-block-column is-layout-flow wp-block-column-is-layout-flow\" style=\"flex-basis:50%\">\n<div class=\"wp-block-cover\" style=\"min-height:600px;aspect-ratio:unset;\"><span aria-hidden=\"true\" class=\"wp-block-cover__background has-background-dim-100 has-background-dim\" style=\"background-color:#f6f6f6\"><\/span><div class=\"wp-block-cover__inner-container is-layout-flow wp-block-cover-is-layout-flow\"><div class=\"wp-block-image\">\n<figure class=\"aligncenter size-full is-resized\"><img loading=\"lazy\" decoding=\"async\" width=\"1280\" height=\"1024\" src=\"https:\/\/drone-discovery.tn\/wp-content\/uploads\/2026\/04\/1741597292866.jpeg\" alt=\"\" class=\"wp-image-452\" style=\"aspect-ratio:1.2500515357658215;width:615px;height:auto\" srcset=\"https:\/\/drone-discovery.tn\/wp-content\/uploads\/2026\/04\/1741597292866.jpeg 1280w, https:\/\/drone-discovery.tn\/wp-content\/uploads\/2026\/04\/1741597292866-300x240.jpeg 300w, https:\/\/drone-discovery.tn\/wp-content\/uploads\/2026\/04\/1741597292866-1024x819.jpeg 1024w, https:\/\/drone-discovery.tn\/wp-content\/uploads\/2026\/04\/1741597292866-768x614.jpeg 768w\" sizes=\"(max-width: 1280px) 100vw, 1280px\" \/><\/figure>\n<\/div><\/div><\/div>\n<\/div>\n\n\n\n<div class=\"wp-block-column is-vertically-aligned-center is-layout-flow wp-block-column-is-layout-flow\" style=\"padding-top:1em;padding-right:1em;padding-bottom:1em;padding-left:1em\">\n<div class=\"wp-block-columns is-layout-flex wp-container-core-columns-is-layout-9d6595d7 wp-block-columns-is-layout-flex\">\n<div class=\"wp-block-column is-layout-flow wp-block-column-is-layout-flow\" style=\"flex-basis:320px\">\n<p>Nous fournissons des livrables sp\u00e9cifiques aux besoins du secteur \u00e9nerg\u00e9tique :<\/p>\n\n\n\n<ul class=\"wp-block-list\">\n<li><strong>Rapports d\u2019inspection thermographique :<\/strong> Pour identifier les anomalies thermiques, comme les points chauds sur les panneaux solaires ou les surchauffes sur les \u00e9quipements haute tension.<\/li>\n\n\n\n<li><strong>Cartes d\u2019\u00e9tat des installations : <\/strong>Visualisation des d\u00e9fauts identifi\u00e9s et des zones n\u00e9cessitant des interventions, pour une gestion proactive des infrastructures.<\/li>\n\n\n\n<li><strong>Mod\u00e8les 3D et orthophotos :<\/strong> Pour une vue d\u00e9taill\u00e9e des installations \u00e9nerg\u00e9tiques et la planification des travaux de maintenance.<\/li>\n\n\n\n<li><strong>Bases de donn\u00e9es de suivi : <\/strong>Archivage des inspections pour un suivi r\u00e9gulier de l\u2019\u00e9tat des installations et une prise de d\u00e9cision rapide en cas de d\u00e9tection d&#8217;anomalies.<\/li>\n<\/ul>\n<\/div>\n<\/div>\n<\/div>\n<\/div>\n\n\n\n<p><\/p>\n","protected":false},"excerpt":{"rendered":"<p>\u00c9quipements Utilis\u00e9s Pour garantir la qualit\u00e9 et la pr\u00e9cision de nos inspections \u00e9nerg\u00e9tiques, nous utilisons des \u00e9quipements sp\u00e9cialis\u00e9s : R\u00e9sultats et Livrables Nous fournissons des livrables sp\u00e9cifiques aux besoins du secteur \u00e9nerg\u00e9tique :<\/p>\n","protected":false},"author":1,"featured_media":0,"parent":0,"menu_order":0,"comment_status":"closed","ping_status":"closed","template":"","meta":{"saved_in_kubio":true,"footnotes":""},"class_list":["post-286","page","type-page","status-publish","hentry"],"kubio_ai_page_context":{"short_desc":"","purpose":"general"},"_links":{"self":[{"href":"https:\/\/drone-discovery.tn\/index.php?rest_route=\/wp\/v2\/pages\/286","targetHints":{"allow":["GET"]}}],"collection":[{"href":"https:\/\/drone-discovery.tn\/index.php?rest_route=\/wp\/v2\/pages"}],"about":[{"href":"https:\/\/drone-discovery.tn\/index.php?rest_route=\/wp\/v2\/types\/page"}],"author":[{"embeddable":true,"href":"https:\/\/drone-discovery.tn\/index.php?rest_route=\/wp\/v2\/users\/1"}],"replies":[{"embeddable":true,"href":"https:\/\/drone-discovery.tn\/index.php?rest_route=%2Fwp%2Fv2%2Fcomments&post=286"}],"version-history":[{"count":4,"href":"https:\/\/drone-discovery.tn\/index.php?rest_route=\/wp\/v2\/pages\/286\/revisions"}],"predecessor-version":[{"id":455,"href":"https:\/\/drone-discovery.tn\/index.php?rest_route=\/wp\/v2\/pages\/286\/revisions\/455"}],"wp:attachment":[{"href":"https:\/\/drone-discovery.tn\/index.php?rest_route=%2Fwp%2Fv2%2Fmedia&parent=286"}],"curies":[{"name":"wp","href":"https:\/\/api.w.org\/{rel}","templated":true}]}}