{"id":270,"date":"2024-11-06T16:56:40","date_gmt":"2024-11-06T16:56:40","guid":{"rendered":"https:\/\/drone-discovery.tn\/?page_id=270"},"modified":"2026-04-14T11:02:50","modified_gmt":"2026-04-14T11:02:50","slug":"cartographie-precise","status":"publish","type":"page","link":"https:\/\/drone-discovery.tn\/?page_id=270","title":{"rendered":"Cartographie Pr\u00e9cise"},"content":{"rendered":"\n\n\n\n\n<h2 class=\"wp-block-heading has-text-align-center\"><strong>\u00c9quipements Utilis\u00e9s<\/strong><\/h2>\n\n\n\n<div class=\"wp-block-columns alignfull is-layout-flex wp-container-core-columns-is-layout-9d6595d7 wp-block-columns-is-layout-flex\">\n<div class=\"wp-block-column is-layout-flow wp-block-column-is-layout-flow\" style=\"flex-basis:50%\">\n<div class=\"wp-block-cover is-light\" style=\"min-height:600px;aspect-ratio:unset;\"><span aria-hidden=\"true\" class=\"wp-block-cover__background has-background-dim-100 has-background-dim\" style=\"background-color:#f6f6f6\"><\/span><div class=\"wp-block-cover__inner-container is-layout-flow wp-block-cover-is-layout-flow\"><div class=\"wp-block-image\">\n<figure class=\"aligncenter size-full is-resized\"><img loading=\"lazy\" decoding=\"async\" width=\"1000\" height=\"667\" src=\"https:\/\/drone-discovery.tn\/wp-content\/uploads\/2024\/11\/DJI-ZENMUSE-P1-PLUS-35MM1.jpg\" alt=\"\" class=\"wp-image-275\" style=\"aspect-ratio:1.5000618429189858;width:663px;height:auto\" srcset=\"https:\/\/drone-discovery.tn\/wp-content\/uploads\/2024\/11\/DJI-ZENMUSE-P1-PLUS-35MM1.jpg 1000w, https:\/\/drone-discovery.tn\/wp-content\/uploads\/2024\/11\/DJI-ZENMUSE-P1-PLUS-35MM1-300x200.jpg 300w, https:\/\/drone-discovery.tn\/wp-content\/uploads\/2024\/11\/DJI-ZENMUSE-P1-PLUS-35MM1-768x512.jpg 768w\" sizes=\"(max-width: 1000px) 100vw, 1000px\" \/><\/figure>\n<\/div><\/div><\/div>\n<\/div>\n\n\n\n<div class=\"wp-block-column is-vertically-aligned-center is-layout-flow wp-block-column-is-layout-flow\" style=\"padding-top:1em;padding-right:1em;padding-bottom:1em;padding-left:1em\">\n<div class=\"wp-block-columns is-layout-flex wp-container-core-columns-is-layout-9d6595d7 wp-block-columns-is-layout-flex\">\n<div class=\"wp-block-column is-layout-flow wp-block-column-is-layout-flow\" style=\"flex-basis:320px\">\n<p>Pour garantir des r\u00e9sultats de haute qualit\u00e9, nous utilisons des \u00e9quipements adapt\u00e9s aux besoins de cartographie pr\u00e9cise :<\/p>\n\n\n\n<ul class=\"wp-block-list\">\n<li><strong>Drones \u00e9quip\u00e9s de capteurs photogramm\u00e9triques et LiDAR : <\/strong>Pour capturer des donn\u00e9es d\u00e9taill\u00e9es avec une r\u00e9solution optimale, adapt\u00e9es aux projets d\u2019am\u00e9nagement et de suivi.<\/li>\n\n\n\n<li><strong>Cam\u00e9ras haute r\u00e9solution et multispectrales :<\/strong> Pour une analyse d\u00e9taill\u00e9e de la v\u00e9g\u00e9tation, des sols et des infrastructures.<\/li>\n\n\n\n<li><strong>Logiciels de traitement cartographique et SIG :<\/strong> Pour le traitement, l&#8217;analyse et la gestion des donn\u00e9es g\u00e9ospatiales.<\/li>\n<\/ul>\n<\/div>\n<\/div>\n<\/div>\n<\/div>\n\n\n\n<h2 class=\"wp-block-heading has-text-align-center\"><strong>R\u00e9sultats et Livrables<\/strong><\/h2>\n\n\n\n<div class=\"wp-block-columns alignfull is-layout-flex wp-container-core-columns-is-layout-9d6595d7 wp-block-columns-is-layout-flex\">\n<div class=\"wp-block-column is-layout-flow wp-block-column-is-layout-flow\" style=\"flex-basis:50%\">\n<div class=\"wp-block-cover\" style=\"min-height:600px;aspect-ratio:unset;\"><span aria-hidden=\"true\" class=\"wp-block-cover__background has-background-dim-100 has-background-dim\" style=\"background-color:#f6f6f6\"><\/span><div class=\"wp-block-cover__inner-container is-layout-flow wp-block-cover-is-layout-flow\"><div class=\"wp-block-image\">\n<figure class=\"aligncenter size-full is-resized\"><img loading=\"lazy\" decoding=\"async\" width=\"768\" height=\"478\" src=\"https:\/\/drone-discovery.tn\/wp-content\/uploads\/2024\/11\/orthomosaic-and-digital-surface-model-output-from-drone.jpg\" alt=\"\" class=\"wp-image-276\" style=\"aspect-ratio:1.6067832538420774;width:725px;height:auto\" srcset=\"https:\/\/drone-discovery.tn\/wp-content\/uploads\/2024\/11\/orthomosaic-and-digital-surface-model-output-from-drone.jpg 768w, https:\/\/drone-discovery.tn\/wp-content\/uploads\/2024\/11\/orthomosaic-and-digital-surface-model-output-from-drone-300x187.jpg 300w\" sizes=\"(max-width: 768px) 100vw, 768px\" \/><\/figure>\n<\/div><\/div><\/div>\n<\/div>\n\n\n\n<div class=\"wp-block-column is-vertically-aligned-center is-layout-flow wp-block-column-is-layout-flow\" style=\"padding-top:1em;padding-right:1em;padding-bottom:1em;padding-left:1em\">\n<div class=\"wp-block-columns is-layout-flex wp-container-core-columns-is-layout-9d6595d7 wp-block-columns-is-layout-flex\">\n<div class=\"wp-block-column is-layout-flow wp-block-column-is-layout-flow\" style=\"flex-basis:320px\">\n<p>Nos livrables sont con\u00e7us pour r\u00e9pondre aux besoins des projets de cartographie et de gestion du territoire :<\/p>\n\n\n\n<ul class=\"wp-block-list\">\n<li><strong>Plans topographiques et orthophotographies : <\/strong>Pour une visualisation pr\u00e9cise et fid\u00e8le du terrain et des am\u00e9nagements existants.<\/li>\n\n\n\n<li><strong>Mod\u00e8les num\u00e9riques de terrain et de surface :<\/strong> Outils pr\u00e9cieux pour l\u2019analyse des terrains et la pr\u00e9paration des projets d&#8217;infrastructure.<\/li>\n\n\n\n<li><strong>Cartes d\u2019occupation des sols et d\u2019inventaire :<\/strong> Pour une gestion optimale des ressources naturelles et un suivi des changements dans l&#8217;utilisation des sols.<\/li>\n\n\n\n<li><strong>Bases de donn\u00e9es SIG :<\/strong> Pour centraliser les informations et permettre une gestion collaborative et efficace des projets.<\/li>\n<\/ul>\n<\/div>\n<\/div>\n<\/div>\n<\/div>\n\n\n\n<p><\/p>\n","protected":false},"excerpt":{"rendered":"<p>\u00c9quipements Utilis\u00e9s Pour garantir des r\u00e9sultats de haute qualit\u00e9, nous utilisons des \u00e9quipements adapt\u00e9s aux besoins de cartographie pr\u00e9cise : R\u00e9sultats et Livrables Nos livrables sont con\u00e7us pour r\u00e9pondre aux besoins des projets de cartographie et de gestion du territoire :<\/p>\n","protected":false},"author":1,"featured_media":0,"parent":0,"menu_order":0,"comment_status":"closed","ping_status":"closed","template":"","meta":{"saved_in_kubio":true,"footnotes":""},"class_list":["post-270","page","type-page","status-publish","hentry"],"kubio_ai_page_context":{"short_desc":"","purpose":"general"},"_links":{"self":[{"href":"https:\/\/drone-discovery.tn\/index.php?rest_route=\/wp\/v2\/pages\/270","targetHints":{"allow":["GET"]}}],"collection":[{"href":"https:\/\/drone-discovery.tn\/index.php?rest_route=\/wp\/v2\/pages"}],"about":[{"href":"https:\/\/drone-discovery.tn\/index.php?rest_route=\/wp\/v2\/types\/page"}],"author":[{"embeddable":true,"href":"https:\/\/drone-discovery.tn\/index.php?rest_route=\/wp\/v2\/users\/1"}],"replies":[{"embeddable":true,"href":"https:\/\/drone-discovery.tn\/index.php?rest_route=%2Fwp%2Fv2%2Fcomments&post=270"}],"version-history":[{"count":3,"href":"https:\/\/drone-discovery.tn\/index.php?rest_route=\/wp\/v2\/pages\/270\/revisions"}],"predecessor-version":[{"id":440,"href":"https:\/\/drone-discovery.tn\/index.php?rest_route=\/wp\/v2\/pages\/270\/revisions\/440"}],"wp:attachment":[{"href":"https:\/\/drone-discovery.tn\/index.php?rest_route=%2Fwp%2Fv2%2Fmedia&parent=270"}],"curies":[{"name":"wp","href":"https:\/\/api.w.org\/{rel}","templated":true}]}}