{"id":260,"date":"2024-11-06T16:07:46","date_gmt":"2024-11-06T16:07:46","guid":{"rendered":"https:\/\/drone-discovery.tn\/?page_id=260"},"modified":"2026-04-14T11:31:09","modified_gmt":"2026-04-14T11:31:09","slug":"environnement","status":"publish","type":"page","link":"https:\/\/drone-discovery.tn\/?page_id=260","title":{"rendered":"Environnement"},"content":{"rendered":"\n\n\n\n\n<h2 class=\"wp-block-heading has-text-align-center\"><strong>\u00c9quipements Utilis\u00e9s<\/strong><\/h2>\n\n\n\n<div class=\"wp-block-columns alignfull is-layout-flex wp-container-core-columns-is-layout-9d6595d7 wp-block-columns-is-layout-flex\">\n<div class=\"wp-block-column is-layout-flow wp-block-column-is-layout-flow\" style=\"flex-basis:50%\">\n<div class=\"wp-block-cover is-light\" style=\"min-height:600px;aspect-ratio:unset;\"><span aria-hidden=\"true\" class=\"wp-block-cover__background has-background-dim-100 has-background-dim\" style=\"background-color:#f6f6f6\"><\/span><div class=\"wp-block-cover__inner-container is-layout-flow wp-block-cover-is-layout-flow\"><div class=\"wp-block-image\">\n<figure class=\"aligncenter size-full is-resized\"><img loading=\"lazy\" decoding=\"async\" width=\"1024\" height=\"683\" src=\"https:\/\/drone-discovery.tn\/wp-content\/uploads\/2026\/04\/drone-et-camera-pour-prise-de-vue-aerienne.jpg\" alt=\"\" class=\"wp-image-458\" style=\"aspect-ratio:1.5000618429189858;width:647px;height:auto\" srcset=\"https:\/\/drone-discovery.tn\/wp-content\/uploads\/2026\/04\/drone-et-camera-pour-prise-de-vue-aerienne.jpg 1024w, https:\/\/drone-discovery.tn\/wp-content\/uploads\/2026\/04\/drone-et-camera-pour-prise-de-vue-aerienne-300x200.jpg 300w, https:\/\/drone-discovery.tn\/wp-content\/uploads\/2026\/04\/drone-et-camera-pour-prise-de-vue-aerienne-768x512.jpg 768w\" sizes=\"(max-width: 1024px) 100vw, 1024px\" \/><\/figure>\n<\/div><\/div><\/div>\n<\/div>\n\n\n\n<div class=\"wp-block-column is-vertically-aligned-center is-layout-flow wp-block-column-is-layout-flow\" style=\"padding-top:1em;padding-right:1em;padding-bottom:1em;padding-left:1em\">\n<div class=\"wp-block-columns is-layout-flex wp-container-core-columns-is-layout-9d6595d7 wp-block-columns-is-layout-flex\">\n<div class=\"wp-block-column is-layout-flow wp-block-column-is-layout-flow\" style=\"flex-basis:320px\">\n<p>Nous employons des \u00e9quipements sp\u00e9cifiques pour garantir des relev\u00e9s et analyses de haute pr\u00e9cision dans le domaine environnemental :<\/p>\n\n\n\n<ul class=\"wp-block-list\">\n<li><strong>Drones \u00e9quip\u00e9s de capteurs multispectraux et thermiques : <\/strong>Pour une analyse approfondie des conditions environnementales et de la sant\u00e9 des \u00e9cosyst\u00e8mes.<\/li>\n\n\n\n<li><strong>Capteurs LiDAR et de photogramm\u00e9trie :<\/strong> Pour une cartographie et une mod\u00e9lisation pr\u00e9cises des terrains, indispensables pour les \u00e9tudes de risques naturels.<\/li>\n\n\n\n<li><strong>Logiciels de traitement de donn\u00e9es g\u00e9ospatiales :<\/strong> Pour l\u2019analyse et l\u2019interpr\u00e9tation des donn\u00e9es environnementales.<\/li>\n<\/ul>\n<\/div>\n<\/div>\n<\/div>\n<\/div>\n\n\n\n<h2 class=\"wp-block-heading has-text-align-center\"><strong>R\u00e9sultats et Livrables<\/strong><\/h2>\n\n\n\n<div class=\"wp-block-columns alignfull is-layout-flex wp-container-core-columns-is-layout-9d6595d7 wp-block-columns-is-layout-flex\">\n<div class=\"wp-block-column is-layout-flow wp-block-column-is-layout-flow\" style=\"flex-basis:50%\">\n<div class=\"wp-block-cover\" style=\"min-height:600px;aspect-ratio:unset;\"><span aria-hidden=\"true\" class=\"wp-block-cover__background has-background-dim-100 has-background-dim\" style=\"background-color:#f6f6f6\"><\/span><div class=\"wp-block-cover__inner-container is-layout-flow wp-block-cover-is-layout-flow\"><div class=\"wp-block-image\">\n<figure class=\"aligncenter size-full is-resized\"><img loading=\"lazy\" decoding=\"async\" width=\"1200\" height=\"675\" src=\"https:\/\/drone-discovery.tn\/wp-content\/uploads\/2024\/11\/Drone-en-vol-stationnaire-devant-une-cabane-en-foret.jpg\" alt=\"\" class=\"wp-image-264\" style=\"width:689px;height:auto\" srcset=\"https:\/\/drone-discovery.tn\/wp-content\/uploads\/2024\/11\/Drone-en-vol-stationnaire-devant-une-cabane-en-foret.jpg 1200w, https:\/\/drone-discovery.tn\/wp-content\/uploads\/2024\/11\/Drone-en-vol-stationnaire-devant-une-cabane-en-foret-300x169.jpg 300w, https:\/\/drone-discovery.tn\/wp-content\/uploads\/2024\/11\/Drone-en-vol-stationnaire-devant-une-cabane-en-foret-1024x576.jpg 1024w, https:\/\/drone-discovery.tn\/wp-content\/uploads\/2024\/11\/Drone-en-vol-stationnaire-devant-une-cabane-en-foret-768x432.jpg 768w\" sizes=\"(max-width: 1200px) 100vw, 1200px\" \/><\/figure>\n<\/div><\/div><\/div>\n<\/div>\n\n\n\n<div class=\"wp-block-column is-vertically-aligned-center is-layout-flow wp-block-column-is-layout-flow\" style=\"padding-top:1em;padding-right:1em;padding-bottom:1em;padding-left:1em\">\n<div class=\"wp-block-columns is-layout-flex wp-container-core-columns-is-layout-9d6595d7 wp-block-columns-is-layout-flex\">\n<div class=\"wp-block-column is-layout-flow wp-block-column-is-layout-flow\" style=\"flex-basis:320px\">\n<p>Nous fournissons des livrables d\u00e9taill\u00e9s et adapt\u00e9s aux besoins des \u00e9tudes environnementales :<\/p>\n\n\n\n<ul class=\"wp-block-list\">\n<li><strong>Cartes de risques :<\/strong> Identification des zones vuln\u00e9rables aux inondations, \u00e9rosions et autres risques naturels.<\/li>\n\n\n\n<li><strong>Mod\u00e8les de terrain et analyses g\u00e9ospatiales : <\/strong>Donn\u00e9es pr\u00e9cises pour la gestion des zones sensibles et la planification de solutions de pr\u00e9vention.<\/li>\n\n\n\n<li><strong>Rapports de suivi environnemental :<\/strong> Documentation compl\u00e8te des changements dans l\u2019\u00e9cosyst\u00e8me et des impacts potentiels, accompagn\u00e9e de recommandations de gestion.<\/li>\n\n\n\n<li><strong>Bases de donn\u00e9es environnementales : <\/strong>Pour un acc\u00e8s centralis\u00e9 aux informations recueillies et une consultation rapide pour des prises de d\u00e9cision \u00e9clair\u00e9es.<\/li>\n<\/ul>\n<\/div>\n<\/div>\n<\/div>\n<\/div>\n\n\n\n<p><\/p>\n","protected":false},"excerpt":{"rendered":"<p>\u00c9quipements Utilis\u00e9s Nous employons des \u00e9quipements sp\u00e9cifiques pour garantir des relev\u00e9s et analyses de haute pr\u00e9cision dans le domaine environnemental : R\u00e9sultats et Livrables Nous fournissons des livrables d\u00e9taill\u00e9s et adapt\u00e9s aux besoins des \u00e9tudes environnementales :<\/p>\n","protected":false},"author":1,"featured_media":0,"parent":0,"menu_order":0,"comment_status":"closed","ping_status":"closed","template":"","meta":{"saved_in_kubio":true,"footnotes":""},"class_list":["post-260","page","type-page","status-publish","hentry"],"kubio_ai_page_context":{"short_desc":"","purpose":"general"},"_links":{"self":[{"href":"https:\/\/drone-discovery.tn\/index.php?rest_route=\/wp\/v2\/pages\/260","targetHints":{"allow":["GET"]}}],"collection":[{"href":"https:\/\/drone-discovery.tn\/index.php?rest_route=\/wp\/v2\/pages"}],"about":[{"href":"https:\/\/drone-discovery.tn\/index.php?rest_route=\/wp\/v2\/types\/page"}],"author":[{"embeddable":true,"href":"https:\/\/drone-discovery.tn\/index.php?rest_route=\/wp\/v2\/users\/1"}],"replies":[{"embeddable":true,"href":"https:\/\/drone-discovery.tn\/index.php?rest_route=%2Fwp%2Fv2%2Fcomments&post=260"}],"version-history":[{"count":3,"href":"https:\/\/drone-discovery.tn\/index.php?rest_route=\/wp\/v2\/pages\/260\/revisions"}],"predecessor-version":[{"id":459,"href":"https:\/\/drone-discovery.tn\/index.php?rest_route=\/wp\/v2\/pages\/260\/revisions\/459"}],"wp:attachment":[{"href":"https:\/\/drone-discovery.tn\/index.php?rest_route=%2Fwp%2Fv2%2Fmedia&parent=260"}],"curies":[{"name":"wp","href":"https:\/\/api.w.org\/{rel}","templated":true}]}}