{"id":249,"date":"2024-11-06T15:43:31","date_gmt":"2024-11-06T15:43:31","guid":{"rendered":"https:\/\/drone-discovery.tn\/?page_id=249"},"modified":"2026-04-14T11:23:54","modified_gmt":"2026-04-14T11:23:54","slug":"construction-et-genie-civil","status":"publish","type":"page","link":"https:\/\/drone-discovery.tn\/?page_id=249","title":{"rendered":"<font dir=\"auto\" style=\"vertical-align: inherit;\"><font dir=\"auto\" style=\"vertical-align: inherit;\">Construction et g\u00e9nie civil<\/font><\/font>"},"content":{"rendered":"\n\n\n\n\n<h2 class=\"wp-block-heading has-text-align-center\"><strong>\u00c9quipements Utilis\u00e9s<\/strong><\/h2>\n\n\n\n<div class=\"wp-block-columns alignfull is-layout-flex wp-container-core-columns-is-layout-9d6595d7 wp-block-columns-is-layout-flex\">\n<div class=\"wp-block-column is-layout-flow wp-block-column-is-layout-flow\" style=\"flex-basis:50%\">\n<div class=\"wp-block-cover is-light\" style=\"min-height:600px;aspect-ratio:unset;\"><span aria-hidden=\"true\" class=\"wp-block-cover__background has-background-dim-100 has-background-dim\" style=\"background-color:#f6f6f6\"><\/span><div class=\"wp-block-cover__inner-container is-layout-flow wp-block-cover-is-layout-flow\"><div class=\"wp-block-image is-style-default wp-duotone-unset-1\">\n<figure class=\"aligncenter size-full is-resized\"><img loading=\"lazy\" decoding=\"async\" width=\"1280\" height=\"1210\" src=\"https:\/\/drone-discovery.tn\/wp-content\/uploads\/2026\/04\/WhatsApp-Image-2026-02-18-at-19.43.28-1.jpeg\" alt=\"\" class=\"wp-image-448\" style=\"aspect-ratio:1.0563539761344831;object-fit:contain;width:583px;height:auto\" srcset=\"https:\/\/drone-discovery.tn\/wp-content\/uploads\/2026\/04\/WhatsApp-Image-2026-02-18-at-19.43.28-1.jpeg 1280w, https:\/\/drone-discovery.tn\/wp-content\/uploads\/2026\/04\/WhatsApp-Image-2026-02-18-at-19.43.28-1-300x284.jpeg 300w, https:\/\/drone-discovery.tn\/wp-content\/uploads\/2026\/04\/WhatsApp-Image-2026-02-18-at-19.43.28-1-1024x968.jpeg 1024w, https:\/\/drone-discovery.tn\/wp-content\/uploads\/2026\/04\/WhatsApp-Image-2026-02-18-at-19.43.28-1-768x726.jpeg 768w, https:\/\/drone-discovery.tn\/wp-content\/uploads\/2026\/04\/WhatsApp-Image-2026-02-18-at-19.43.28-1-1142x1080.jpeg 1142w\" sizes=\"(max-width: 1280px) 100vw, 1280px\" \/><\/figure>\n<\/div><\/div><\/div>\n<\/div>\n\n\n\n<div class=\"wp-block-column is-vertically-aligned-center is-layout-flow wp-block-column-is-layout-flow\" style=\"padding-top:1em;padding-right:1em;padding-bottom:1em;padding-left:1em\">\n<div class=\"wp-block-columns is-layout-flex wp-container-core-columns-is-layout-9d6595d7 wp-block-columns-is-layout-flex\">\n<div class=\"wp-block-column is-layout-flow wp-block-column-is-layout-flow\" style=\"flex-basis:320px\">\n<p>Chez <strong>Drone Discovery<\/strong>, nous employons des \u00e9quipements sp\u00e9cialis\u00e9s pour garantir des inspections et relev\u00e9s de haute pr\u00e9cision :<\/p>\n\n\n\n<ul class=\"wp-block-list\">\n<li><strong>Drones \u00e9quip\u00e9s de cam\u00e9ras haute r\u00e9solution :<\/strong> Pour les inspections d\u00e9taill\u00e9es des structures et des infrastructures.<\/li>\n\n\n\n<li><strong>Capteurs LiDAR et photogramm\u00e9trie :<\/strong> Pour la cr\u00e9ation de mod\u00e8les 3D pr\u00e9cis adapt\u00e9s \u00e0 la gestion BIM.<\/li>\n\n\n\n<li><strong>Logiciels BIM et de mod\u00e9lisation 3D : <\/strong>Pour le traitement des donn\u00e9es et l\u2019int\u00e9gration des informations dans les plateformes de gestion des b\u00e2timents.<\/li>\n<\/ul>\n<\/div>\n<\/div>\n<\/div>\n<\/div>\n\n\n\n<h2 class=\"wp-block-heading has-text-align-center\"><strong>R\u00e9sultats et Livrables<\/strong><\/h2>\n\n\n\n<div class=\"wp-block-columns alignfull is-layout-flex wp-container-core-columns-is-layout-9d6595d7 wp-block-columns-is-layout-flex\">\n<div class=\"wp-block-column is-layout-flow wp-block-column-is-layout-flow\" style=\"flex-basis:50%\">\n<div class=\"wp-block-cover\" style=\"min-height:600px;aspect-ratio:unset;\"><span aria-hidden=\"true\" class=\"wp-block-cover__background has-background-dim-100 has-background-dim\" style=\"background-color:#f6f6f6\"><\/span><div class=\"wp-block-cover__inner-container is-layout-flow wp-block-cover-is-layout-flow\"><div class=\"wp-block-image\">\n<figure class=\"aligncenter size-full is-resized\"><img loading=\"lazy\" decoding=\"async\" width=\"1600\" height=\"900\" src=\"https:\/\/drone-discovery.tn\/wp-content\/uploads\/2026\/04\/WhatsApp-Image-2026-01-06-at-10.37.521111.jpeg\" alt=\"\" class=\"wp-image-449\" style=\"width:729px;height:auto\" srcset=\"https:\/\/drone-discovery.tn\/wp-content\/uploads\/2026\/04\/WhatsApp-Image-2026-01-06-at-10.37.521111.jpeg 1600w, https:\/\/drone-discovery.tn\/wp-content\/uploads\/2026\/04\/WhatsApp-Image-2026-01-06-at-10.37.521111-300x169.jpeg 300w, https:\/\/drone-discovery.tn\/wp-content\/uploads\/2026\/04\/WhatsApp-Image-2026-01-06-at-10.37.521111-1024x576.jpeg 1024w, https:\/\/drone-discovery.tn\/wp-content\/uploads\/2026\/04\/WhatsApp-Image-2026-01-06-at-10.37.521111-768x432.jpeg 768w, https:\/\/drone-discovery.tn\/wp-content\/uploads\/2026\/04\/WhatsApp-Image-2026-01-06-at-10.37.521111-1536x864.jpeg 1536w\" sizes=\"(max-width: 1600px) 100vw, 1600px\" \/><\/figure>\n<\/div><\/div><\/div>\n<\/div>\n\n\n\n<div class=\"wp-block-column is-vertically-aligned-center is-layout-flow wp-block-column-is-layout-flow\" style=\"padding-top:1em;padding-right:1em;padding-bottom:1em;padding-left:1em\">\n<div class=\"wp-block-columns is-layout-flex wp-container-core-columns-is-layout-9d6595d7 wp-block-columns-is-layout-flex\">\n<div class=\"wp-block-column is-layout-flow wp-block-column-is-layout-flow\" style=\"flex-basis:320px\">\n<p>Nos services pour la construction et le g\u00e9nie civil s\u2019accompagnent de livrables complets et adapt\u00e9s aux besoins des projets :<\/p>\n\n\n\n<ul class=\"wp-block-list\">\n<li><strong>Mod\u00e8les 3D et int\u00e9gration BIM : <\/strong>Repr\u00e9sentation num\u00e9rique pour un suivi pr\u00e9cis et une gestion collaborative des chantiers.<\/li>\n\n\n\n<li><strong>Rapports d&#8217;inspection d\u00e9taill\u00e9s :<\/strong> Incluant des photographies haute r\u00e9solution et des annotations sur les zones n\u00e9cessitant des interventions.<\/li>\n\n\n\n<li><strong>Cartes topographiques et plans de chantier : <\/strong>Pour une visualisation et une analyse des conditions du site.<\/li>\n\n\n\n<li><strong>Base de donn\u00e9es g\u00e9ospatiales : <\/strong>Facilite la gestion des informations collect\u00e9es pour un acc\u00e8s rapide et une planification optimis\u00e9e.<\/li>\n<\/ul>\n<\/div>\n<\/div>\n<\/div>\n<\/div>\n\n\n\n<p><\/p>\n","protected":false},"excerpt":{"rendered":"<p>\u00c9quipements Utilis\u00e9s Chez Drone Discovery, nous employons des \u00e9quipements sp\u00e9cialis\u00e9s pour garantir des inspections et relev\u00e9s de haute pr\u00e9cision : R\u00e9sultats et Livrables Nos services pour la construction et le g\u00e9nie civil s\u2019accompagnent de livrables complets et adapt\u00e9s aux besoins des projets :<\/p>\n","protected":false},"author":1,"featured_media":0,"parent":0,"menu_order":0,"comment_status":"closed","ping_status":"closed","template":"","meta":{"saved_in_kubio":true,"footnotes":""},"class_list":["post-249","page","type-page","status-publish","hentry"],"kubio_ai_page_context":{"short_desc":"","purpose":"general"},"_links":{"self":[{"href":"https:\/\/drone-discovery.tn\/index.php?rest_route=\/wp\/v2\/pages\/249","targetHints":{"allow":["GET"]}}],"collection":[{"href":"https:\/\/drone-discovery.tn\/index.php?rest_route=\/wp\/v2\/pages"}],"about":[{"href":"https:\/\/drone-discovery.tn\/index.php?rest_route=\/wp\/v2\/types\/page"}],"author":[{"embeddable":true,"href":"https:\/\/drone-discovery.tn\/index.php?rest_route=\/wp\/v2\/users\/1"}],"replies":[{"embeddable":true,"href":"https:\/\/drone-discovery.tn\/index.php?rest_route=%2Fwp%2Fv2%2Fcomments&post=249"}],"version-history":[{"count":3,"href":"https:\/\/drone-discovery.tn\/index.php?rest_route=\/wp\/v2\/pages\/249\/revisions"}],"predecessor-version":[{"id":450,"href":"https:\/\/drone-discovery.tn\/index.php?rest_route=\/wp\/v2\/pages\/249\/revisions\/450"}],"wp:attachment":[{"href":"https:\/\/drone-discovery.tn\/index.php?rest_route=%2Fwp%2Fv2%2Fmedia&parent=249"}],"curies":[{"name":"wp","href":"https:\/\/api.w.org\/{rel}","templated":true}]}}