{"id":238,"date":"2024-11-06T10:46:14","date_gmt":"2024-11-06T10:46:14","guid":{"rendered":"https:\/\/drone-discovery.tn\/?page_id=238"},"modified":"2026-04-14T11:00:18","modified_gmt":"2026-04-14T11:00:18","slug":"agriculture-de-precision","status":"publish","type":"page","link":"https:\/\/drone-discovery.tn\/?page_id=238","title":{"rendered":"Agriculture de pr\u00e9cision"},"content":{"rendered":"\n\n\n\n\n<h2 class=\"wp-block-heading has-text-align-center\"><strong>\u00c9quipements Utilis\u00e9s<\/strong><\/h2>\n\n\n\n<div class=\"wp-block-columns alignfull is-layout-flex wp-container-core-columns-is-layout-9d6595d7 wp-block-columns-is-layout-flex\">\n<div class=\"wp-block-column is-layout-flow wp-block-column-is-layout-flow\" style=\"flex-basis:50%\">\n<div class=\"wp-block-cover is-light\" style=\"min-height:600px;aspect-ratio:unset;\"><span aria-hidden=\"true\" class=\"wp-block-cover__background has-background-dim-100 has-background-dim\" style=\"background-color:#f6f6f6\"><\/span><div class=\"wp-block-cover__inner-container is-layout-flow wp-block-cover-is-layout-flow\"><div class=\"wp-block-image\">\n<figure class=\"aligncenter size-full is-resized\"><img loading=\"lazy\" decoding=\"async\" width=\"800\" height=\"800\" src=\"https:\/\/drone-discovery.tn\/wp-content\/uploads\/2024\/11\/DJI-Mavic-3-Multispectral-on-top-of-Hard-Case-in-a-farm-field_800x.webp\" alt=\"\" class=\"wp-image-243\" style=\"width:517px;height:auto\" srcset=\"https:\/\/drone-discovery.tn\/wp-content\/uploads\/2024\/11\/DJI-Mavic-3-Multispectral-on-top-of-Hard-Case-in-a-farm-field_800x.webp 800w, https:\/\/drone-discovery.tn\/wp-content\/uploads\/2024\/11\/DJI-Mavic-3-Multispectral-on-top-of-Hard-Case-in-a-farm-field_800x-300x300.webp 300w, https:\/\/drone-discovery.tn\/wp-content\/uploads\/2024\/11\/DJI-Mavic-3-Multispectral-on-top-of-Hard-Case-in-a-farm-field_800x-150x150.webp 150w, https:\/\/drone-discovery.tn\/wp-content\/uploads\/2024\/11\/DJI-Mavic-3-Multispectral-on-top-of-Hard-Case-in-a-farm-field_800x-768x768.webp 768w\" sizes=\"(max-width: 800px) 100vw, 800px\" \/><\/figure>\n<\/div><\/div><\/div>\n<\/div>\n\n\n\n<div class=\"wp-block-column is-vertically-aligned-center is-layout-flow wp-block-column-is-layout-flow\" style=\"padding-top:1em;padding-right:1em;padding-bottom:1em;padding-left:1em\">\n<div class=\"wp-block-columns is-layout-flex wp-container-core-columns-is-layout-9d6595d7 wp-block-columns-is-layout-flex\">\n<div class=\"wp-block-column is-layout-flow wp-block-column-is-layout-flow\" style=\"flex-basis:320px\">\n<p>Chez Drone Discovery Services, nous utilisons des \u00e9quipements de pointe pour garantir une collecte de donn\u00e9es pr\u00e9cise et fiable :<\/p>\n\n\n\n<ul class=\"wp-block-list\">\n<li><strong>Drones \u00e9quip\u00e9s de cam\u00e9ras multispectrales : <\/strong>Pour l&#8217;analyse en profondeur de la sant\u00e9 des cultures.<\/li>\n\n\n\n<li><strong>Cam\u00e9ras thermiques et capteurs hydrauliques :<\/strong> Pour les \u00e9tudes sur les besoins en irrigation et la gestion de l&#8217;eau.<\/li>\n\n\n\n<li><strong><font dir=\"auto\" style=\"vertical-align: inherit;\"><font dir=\"auto\" style=\"vertical-align: inherit;\">Logiciels sp\u00e9cialis\u00e9s en agriculture de pr\u00e9cision :<\/font><\/font><\/strong><font dir=\"auto\" style=\"vertical-align: inherit;\"><font dir=\"auto\" style=\"vertical-align: inherit;\"> Pour le traitement des images et l&#8217;analyse des donn\u00e9es multispectrales et hydrauliques.<\/font><\/font><\/li>\n<\/ul>\n<\/div>\n<\/div>\n<\/div>\n<\/div>\n\n\n\n<h2 class=\"wp-block-heading has-text-align-center\"><strong>R\u00e9sultats et Livrables<\/strong><\/h2>\n\n\n\n<div class=\"wp-block-columns alignfull is-layout-flex wp-container-core-columns-is-layout-9d6595d7 wp-block-columns-is-layout-flex\">\n<div class=\"wp-block-column is-layout-flow wp-block-column-is-layout-flow\" style=\"flex-basis:50%\">\n<div class=\"wp-block-cover\" style=\"min-height:600px;aspect-ratio:unset;\"><span aria-hidden=\"true\" class=\"wp-block-cover__background has-background-dim-100 has-background-dim\" style=\"background-color:#f6f6f6\"><\/span><div class=\"wp-block-cover__inner-container is-layout-flow wp-block-cover-is-layout-flow\"><div class=\"wp-block-image\">\n<figure class=\"aligncenter size-full is-resized\"><img loading=\"lazy\" decoding=\"async\" width=\"1600\" height=\"1078\" src=\"https:\/\/drone-discovery.tn\/wp-content\/uploads\/2026\/04\/WhatsApp-Image-2026-02-18-at-13.41.14.jpeg\" alt=\"\" class=\"wp-image-435\" style=\"aspect-ratio:1.578961072776982;width:711px;height:auto\" srcset=\"https:\/\/drone-discovery.tn\/wp-content\/uploads\/2026\/04\/WhatsApp-Image-2026-02-18-at-13.41.14.jpeg 1600w, https:\/\/drone-discovery.tn\/wp-content\/uploads\/2026\/04\/WhatsApp-Image-2026-02-18-at-13.41.14-300x202.jpeg 300w, https:\/\/drone-discovery.tn\/wp-content\/uploads\/2026\/04\/WhatsApp-Image-2026-02-18-at-13.41.14-1024x690.jpeg 1024w, https:\/\/drone-discovery.tn\/wp-content\/uploads\/2026\/04\/WhatsApp-Image-2026-02-18-at-13.41.14-768x517.jpeg 768w, https:\/\/drone-discovery.tn\/wp-content\/uploads\/2026\/04\/WhatsApp-Image-2026-02-18-at-13.41.14-1536x1035.jpeg 1536w\" sizes=\"(max-width: 1600px) 100vw, 1600px\" \/><\/figure>\n<\/div><\/div><\/div>\n<\/div>\n\n\n\n<div class=\"wp-block-column is-vertically-aligned-center is-layout-flow wp-block-column-is-layout-flow\" style=\"padding-top:1em;padding-right:1em;padding-bottom:1em;padding-left:1em\">\n<div class=\"wp-block-columns is-layout-flex wp-container-core-columns-is-layout-9d6595d7 wp-block-columns-is-layout-flex\">\n<div class=\"wp-block-column is-layout-flow wp-block-column-is-layout-flow\" style=\"flex-basis:320px\">\n<p>Nous fournissons des livrables adapt\u00e9s aux besoins des agriculteurs et des gestionnaires de terres agricoles :<\/p>\n\n\n\n<ul class=\"wp-block-list\">\n<li><strong>Cartes de sant\u00e9 des cultures : <\/strong>Cr\u00e9\u00e9es \u00e0 partir des images multispectrales, ces cartes indiquent les zones n\u00e9cessitant des interventions sp\u00e9cifiques<\/li>\n\n\n\n<li><strong>Cartographie des sols et des parcelles :<\/strong> Repr\u00e9sentation d\u00e9taill\u00e9e pour optimiser l\u2019usage des terres agricoles.<\/li>\n\n\n\n<li><strong>Rapports d\u2019\u00e9tude hydrique : <\/strong>Incluant des recommandations pour l&#8217;irrigation et la gestion des ressources en eau.<\/li>\n\n\n\n<li><strong>Rapports de suivi et d&#8217;analyse : <\/strong>Documentation p\u00e9riodique pour suivre l\u2019\u00e9volution des cultures et prendre des d\u00e9cisions \u00e9clair\u00e9es tout au long de la saison.<\/li>\n<\/ul>\n<\/div>\n<\/div>\n<\/div>\n<\/div>\n\n\n\n<p><\/p>\n","protected":false},"excerpt":{"rendered":"<p>\u00c9quipements Utilis\u00e9s Chez Drone Discovery Services, nous utilisons des \u00e9quipements de pointe pour garantir une collecte de donn\u00e9es pr\u00e9cise et fiable : R\u00e9sultats et Livrables Nous fournissons des livrables adapt\u00e9s aux besoins des agriculteurs et des gestionnaires de terres agricoles :<\/p>\n","protected":false},"author":1,"featured_media":0,"parent":0,"menu_order":0,"comment_status":"closed","ping_status":"closed","template":"","meta":{"saved_in_kubio":true,"footnotes":""},"class_list":["post-238","page","type-page","status-publish","hentry"],"kubio_ai_page_context":{"short_desc":"","purpose":"general"},"_links":{"self":[{"href":"https:\/\/drone-discovery.tn\/index.php?rest_route=\/wp\/v2\/pages\/238","targetHints":{"allow":["GET"]}}],"collection":[{"href":"https:\/\/drone-discovery.tn\/index.php?rest_route=\/wp\/v2\/pages"}],"about":[{"href":"https:\/\/drone-discovery.tn\/index.php?rest_route=\/wp\/v2\/types\/page"}],"author":[{"embeddable":true,"href":"https:\/\/drone-discovery.tn\/index.php?rest_route=\/wp\/v2\/users\/1"}],"replies":[{"embeddable":true,"href":"https:\/\/drone-discovery.tn\/index.php?rest_route=%2Fwp%2Fv2%2Fcomments&post=238"}],"version-history":[{"count":5,"href":"https:\/\/drone-discovery.tn\/index.php?rest_route=\/wp\/v2\/pages\/238\/revisions"}],"predecessor-version":[{"id":438,"href":"https:\/\/drone-discovery.tn\/index.php?rest_route=\/wp\/v2\/pages\/238\/revisions\/438"}],"wp:attachment":[{"href":"https:\/\/drone-discovery.tn\/index.php?rest_route=%2Fwp%2Fv2%2Fmedia&parent=238"}],"curies":[{"name":"wp","href":"https:\/\/api.w.org\/{rel}","templated":true}]}}