{"id":171,"date":"2024-11-04T21:39:32","date_gmt":"2024-11-04T21:39:32","guid":{"rendered":"https:\/\/drone-discovery.tn\/?page_id=171"},"modified":"2026-04-14T11:44:11","modified_gmt":"2026-04-14T11:44:11","slug":"mine-et-carriere","status":"publish","type":"page","link":"https:\/\/drone-discovery.tn\/?page_id=171","title":{"rendered":"Mine et carri\u00e8re"},"content":{"rendered":"\n\n\n\n\n<h2 class=\"wp-block-heading has-text-align-center\"><strong>\u00c9quipements Utilis\u00e9s<\/strong><\/h2>\n\n\n\n<div class=\"wp-block-columns alignfull is-layout-flex wp-container-core-columns-is-layout-9d6595d7 wp-block-columns-is-layout-flex\">\n<div class=\"wp-block-column is-layout-flow wp-block-column-is-layout-flow\" style=\"flex-basis:50%\">\n<div class=\"wp-block-cover is-light\" style=\"min-height:600px;aspect-ratio:unset;\"><span aria-hidden=\"true\" class=\"wp-block-cover__background has-background-dim-100 has-background-dim\" style=\"background-color:#f6f6f6\"><\/span><div class=\"wp-block-cover__inner-container is-layout-flow wp-block-cover-is-layout-flow\"><div class=\"wp-block-image\">\n<figure class=\"aligncenter size-full is-resized\"><img loading=\"lazy\" decoding=\"async\" width=\"810\" height=\"1080\" src=\"https:\/\/drone-discovery.tn\/wp-content\/uploads\/2026\/04\/WhatsApp-Image-2025-11-10-a-20.05.24_e46cae32.jpg\" alt=\"\" class=\"wp-image-479\" style=\"aspect-ratio:1.3333333333333333;object-fit:contain;width:665px;height:auto\" srcset=\"https:\/\/drone-discovery.tn\/wp-content\/uploads\/2026\/04\/WhatsApp-Image-2025-11-10-a-20.05.24_e46cae32.jpg 810w, https:\/\/drone-discovery.tn\/wp-content\/uploads\/2026\/04\/WhatsApp-Image-2025-11-10-a-20.05.24_e46cae32-225x300.jpg 225w, https:\/\/drone-discovery.tn\/wp-content\/uploads\/2026\/04\/WhatsApp-Image-2025-11-10-a-20.05.24_e46cae32-768x1024.jpg 768w\" sizes=\"(max-width: 810px) 100vw, 810px\" \/><\/figure>\n<\/div><\/div><\/div>\n<\/div>\n\n\n\n<div class=\"wp-block-column is-vertically-aligned-center is-layout-flow wp-block-column-is-layout-flow\" style=\"padding-top:1em;padding-right:1em;padding-bottom:1em;padding-left:1em\">\n<div class=\"wp-block-columns is-layout-flex wp-container-core-columns-is-layout-9d6595d7 wp-block-columns-is-layout-flex\">\n<div class=\"wp-block-column is-layout-flow wp-block-column-is-layout-flow\" style=\"flex-basis:320px\">\n<p>Chez <strong>Drone Discovery <\/strong>, nous utilisons une gamme d\u2019\u00e9quipements sp\u00e9cialis\u00e9s pour r\u00e9pondre aux exigences des projets miniers et de carri\u00e8res :<\/p>\n\n\n\n<ul class=\"wp-block-list\">\n<li><strong>Drones de haute pr\u00e9cision<\/strong> : \u00c9quip\u00e9s de cam\u00e9ras et capteurs Lidar pour la cartographie d\u00e9taill\u00e9e et les relev\u00e9s topographiques.<\/li>\n\n\n\n<li><strong>Cam\u00e9ras multispectrales et thermiques<\/strong> : Pour des analyses approfondies, permettant de d\u00e9tecter des variations de temp\u00e9rature et d&#8217;\u00e9valuer les conditions du sol.<\/li>\n\n\n\n<li><strong>Logiciels de traitement de donn\u00e9es<\/strong> : Pour la mod\u00e9lisation 3D, les calculs volum\u00e9triques et la cr\u00e9ation de cartes d\u00e9taill\u00e9es.<\/li>\n<\/ul>\n<\/div>\n<\/div>\n<\/div>\n<\/div>\n\n\n\n<h2 class=\"wp-block-heading has-text-align-center\"><strong>R\u00e9sultats et Livrables<\/strong><\/h2>\n\n\n\n<div class=\"wp-block-columns alignfull is-layout-flex wp-container-core-columns-is-layout-9d6595d7 wp-block-columns-is-layout-flex\">\n<div class=\"wp-block-column is-layout-flow wp-block-column-is-layout-flow\" style=\"flex-basis:50%\">\n<div class=\"wp-block-cover\" style=\"min-height:600px;aspect-ratio:unset;\"><span aria-hidden=\"true\" class=\"wp-block-cover__background has-background-dim-100 has-background-dim\" style=\"background-color:#f6f6f6\"><\/span><div class=\"wp-block-cover__inner-container is-layout-flow wp-block-cover-is-layout-flow\"><div class=\"wp-block-image\">\n<figure class=\"aligncenter size-full is-resized\"><img loading=\"lazy\" decoding=\"async\" width=\"2560\" height=\"1918\" src=\"https:\/\/drone-discovery.tn\/wp-content\/uploads\/2026\/04\/DJI_20251210131858_0243_D-scaled.jpg\" alt=\"\" class=\"wp-image-478\" style=\"aspect-ratio:1.7241967586010805;width:713px;height:auto\" srcset=\"https:\/\/drone-discovery.tn\/wp-content\/uploads\/2026\/04\/DJI_20251210131858_0243_D-scaled.jpg 2560w, https:\/\/drone-discovery.tn\/wp-content\/uploads\/2026\/04\/DJI_20251210131858_0243_D-300x225.jpg 300w, https:\/\/drone-discovery.tn\/wp-content\/uploads\/2026\/04\/DJI_20251210131858_0243_D-1024x767.jpg 1024w, https:\/\/drone-discovery.tn\/wp-content\/uploads\/2026\/04\/DJI_20251210131858_0243_D-768x575.jpg 768w, https:\/\/drone-discovery.tn\/wp-content\/uploads\/2026\/04\/DJI_20251210131858_0243_D-1536x1151.jpg 1536w, https:\/\/drone-discovery.tn\/wp-content\/uploads\/2026\/04\/DJI_20251210131858_0243_D-2048x1534.jpg 2048w, https:\/\/drone-discovery.tn\/wp-content\/uploads\/2026\/04\/DJI_20251210131858_0243_D-1441x1080.jpg 1441w\" sizes=\"(max-width: 2560px) 100vw, 2560px\" \/><figcaption class=\"wp-element-caption\">default<\/figcaption><\/figure>\n<\/div><\/div><\/div>\n<\/div>\n\n\n\n<div class=\"wp-block-column is-vertically-aligned-center is-layout-flow wp-block-column-is-layout-flow\" style=\"padding-top:1em;padding-right:1em;padding-bottom:1em;padding-left:1em\">\n<div class=\"wp-block-columns is-layout-flex wp-container-core-columns-is-layout-9d6595d7 wp-block-columns-is-layout-flex\">\n<div class=\"wp-block-column is-layout-flow wp-block-column-is-layout-flow\" style=\"flex-basis:320px\">\n<p>Nos services incluent une gamme compl\u00e8te de livrables pour accompagner les exploitants dans leur gestion de site :<\/p>\n\n\n\n<ul class=\"wp-block-list\">\n<li><strong>Mod\u00e8les 3D et cartes topographiques :<\/strong> Pour visualiser et \u00e9valuer les reliefs et volumes du site.<\/li>\n\n\n\n<li><strong>Calculs volum\u00e9triques :<\/strong> Estimation pr\u00e9cise des mat\u00e9riaux disponibles et des stocks de ressources.<\/li>\n\n\n\n<li><strong>Rapports d&#8217;analyse et de suivi : <\/strong>Documentation compl\u00e8te pour un suivi r\u00e9gulier de l\u2019\u00e9volution des travaux et des volumes extraits.<\/li>\n\n\n\n<li><strong>Base de donn\u00e9es g\u00e9ospatiales<\/strong> : Organis\u00e9e pour une consultation et mise \u00e0 jour facile, facilitant la gestion de site et l&#8217;archivage des donn\u00e9es.<\/li>\n<\/ul>\n<\/div>\n<\/div>\n<\/div>\n<\/div>\n\n\n\n<p><\/p>\n","protected":false},"excerpt":{"rendered":"<p>\u00c9quipements Utilis\u00e9s Chez Drone Discovery , nous utilisons une gamme d\u2019\u00e9quipements sp\u00e9cialis\u00e9s pour r\u00e9pondre aux exigences des projets miniers et de carri\u00e8res : R\u00e9sultats et Livrables Nos services incluent une gamme compl\u00e8te de livrables pour accompagner les exploitants dans leur gestion de site :<\/p>\n","protected":false},"author":1,"featured_media":0,"parent":0,"menu_order":0,"comment_status":"closed","ping_status":"closed","template":"","meta":{"saved_in_kubio":true,"footnotes":""},"class_list":["post-171","page","type-page","status-publish","hentry"],"kubio_ai_page_context":{"short_desc":"","purpose":"general"},"_links":{"self":[{"href":"https:\/\/drone-discovery.tn\/index.php?rest_route=\/wp\/v2\/pages\/171","targetHints":{"allow":["GET"]}}],"collection":[{"href":"https:\/\/drone-discovery.tn\/index.php?rest_route=\/wp\/v2\/pages"}],"about":[{"href":"https:\/\/drone-discovery.tn\/index.php?rest_route=\/wp\/v2\/types\/page"}],"author":[{"embeddable":true,"href":"https:\/\/drone-discovery.tn\/index.php?rest_route=\/wp\/v2\/users\/1"}],"replies":[{"embeddable":true,"href":"https:\/\/drone-discovery.tn\/index.php?rest_route=%2Fwp%2Fv2%2Fcomments&post=171"}],"version-history":[{"count":5,"href":"https:\/\/drone-discovery.tn\/index.php?rest_route=\/wp\/v2\/pages\/171\/revisions"}],"predecessor-version":[{"id":480,"href":"https:\/\/drone-discovery.tn\/index.php?rest_route=\/wp\/v2\/pages\/171\/revisions\/480"}],"wp:attachment":[{"href":"https:\/\/drone-discovery.tn\/index.php?rest_route=%2Fwp%2Fv2%2Fmedia&parent=171"}],"curies":[{"name":"wp","href":"https:\/\/api.w.org\/{rel}","templated":true}]}}